{"id":14,"date":"2014-04-19T18:16:46","date_gmt":"2014-04-19T16:16:46","guid":{"rendered":"http:\/\/heliodrom.de\/?page_id=14"},"modified":"2016-08-04T20:13:41","modified_gmt":"2016-08-04T18:13:41","slug":"rider","status":"publish","type":"page","link":"https:\/\/heliodrom.de\/de\/rider\/","title":{"rendered":"Technische Info"},"content":{"rendered":"<div><\/div>\n<p>Das Heliodrom ist geod\u00e4tisch: Eine Halbkugel, bestehend aus h\u00f6lzernen St\u00e4ben, zu Dreiecken zusammengeschraubt. Es ben\u00f6tigt\u00a0keine S\u00e4ulen und unter normalen Umst\u00e4nden keine Erdn\u00e4gel. Diese Form \u2013 von Architekt R. Buckminister Fuller zuerst entworfen \u2013 ist eine der stabilsten und windresistenten Bauformen.<\/p>\n<p>Das Zeltkonstruktion ist T\u00dcV genehmigt\u00a0und feuerfest (B1). Da es nicht 72 qm und 5 m H\u00f6he \u00fcbersteigt, ist kein Zeltbuch oder Sondergenehmigung n\u00f6tig.<\/p>\n<p>Das Zelt hat einen stabilen Holzboden, auf dem es verankert ist. Der Boden ist mit\u00a0einer Balkenkonstruktion gebaut. Mehrere kleine F\u00fcsse \u2013 ca. 50 \u2013 st\u00fctzen die Balken so, dass ein 15 bis 30 cm hoher Luftraum unter dem Zelt entsteht. Rasen und Wiesen bekommen Luft und erholen sich schnell.<\/p>\n<p>Die Besonderheit des Heliodroms: Spiegel lenken das Sonnenlicht bzw. indirektes \u201eHimmelslicht\u201c ins Zeltinnere und kreieren\u00a0so eine Art intensiver Scheinwerfer. 12 LED-Scheinwerfer schaffen eine farben-reiche Theaterbeleuchtung mit weniger\u00a0als 500 Watt. Ben\u00f6tigter Strom wird von der Solaranlage geliefert.<\/p>\n<p>Dimensionen: 9,9 Meter Durchmesser, 4,8 Meter Hoch, mit 2 x 2 Meter Vordach.<\/p>\n<p>Ben\u00f6tigte Bodenfl\u00e4che: eine m\u00f6glichst ebene Fl\u00e4che im Freien von ca. 12 m x 12 m ( x 6 Meter H\u00f6he)<\/p>\n<p>B\u00fchne: Die H\u00e4lfte des Raumes wird \u00fcblicherweise als B\u00fchne benutzt. Die Spielfl\u00e4che ist in Halbkreisform und durch die\u00a0gew\u00f6lbte Kuppel-Form unterschiedlich hoch. Unsere Theaterst\u00fccke, die f\u00fcr 6 x 4 Meter\u00a0B\u00fchnen konzipiert sind, passen gut hinein. F\u00fcr genaue Informationen bitte nachfragen.<\/p>\n<p>Besonderheiten: Der Spielort soll zur Spielzeit nicht schattig sein (das hei\u00dft, die obere H\u00e4lfte des Kugelzelts\u00a0muss Sonnenlicht bekommen). Es ist auch w\u00fcnschenswert, unseren Anh\u00e4nger (6 x 2 Meter) in der N\u00e4he des Heliodroms aufzustellen, da er als B\u00fchnenbildlager fungiert.<\/p>\n<p>Licht und Ton: Licht- und Tonanlage bringen wir mit, da alles mit energiesparender Technik gef\u00fchrt wird.<\/p>\n<p>Die Tonanlage hat ein Mischpult, MiniDisk Player, Verst\u00e4rker und Lautsprecher. Beim Mischpult\u00a0sind 2 Eing\u00e4nge f\u00fcr CD oder MiniDisk Player sowie 4 Line-Inpute (Klinker) vorhanden.<\/p>\n<p>Strom: Das Zelt ist energie-autark: Unsere Photovoltaikanlage liefert eine maximale Leistung\u00a0von 512 Watt. Vier leistungsstarke Batterien mit einer Kapazit\u00e4t von 400A und 24V Spannung\u00a0speichern die ungenutzte Energie. Der Kombination Laderegler\/Umwandler macht daraus\u00a0230V mit ca. 1000 Watt Leistung. Es ist jedoch sinnvoll, unterhalb der Grenze von 500 Watt\u00a0zu bleiben. Bei schlechtem Wetter k\u00f6nnen wir aus der gespeicherten Sonnenenergie bis zu 3\u00a0Stunden autark Kultur anbieten.<\/p>\n<p>Publikum: Es w\u00e4re w\u00fcnschenswert, wenn Sitzm\u00f6glichkeiten (Bierb\u00e4nke, St\u00fchle oder auch Teppiche) vom\u00a0Veranstalter zur Verf\u00fcgung gestellt werden k\u00f6nnen.<\/p>\n<p>Aufbauzeit: ca. 10 Stunden. Hilfe beim Aufbau willkommen.<\/p>\n<p>Abbauzeit: ca. 8 Stunden. Hilfe beim Abbau willkommen.<\/p>\n<p>&nbsp;<\/p>\n","protected":false},"excerpt":{"rendered":"<p>Das Heliodrom ist geod\u00e4tisch: Eine Halbkugel, bestehend aus h\u00f6lzernen St\u00e4ben, zu Dreiecken zusammengeschraubt. Es ben\u00f6tigt\u00a0keine S\u00e4ulen und unter normalen Umst\u00e4nden keine Erdn\u00e4gel. Diese Form \u2013 von Architekt R. Buckminister Fuller zuerst entworfen \u2013 ist eine der stabilsten und windresistenten Bauformen. &hellip; <a href=\"https:\/\/heliodrom.de\/de\/rider\/\">Weiterlesen <span class=\"meta-nav\">&rarr;<\/span><\/a><\/p>\n","protected":false},"author":1,"featured_media":6,"parent":0,"menu_order":3,"comment_status":"closed","ping_status":"closed","template":"","meta":{"footnotes":""},"class_list":["post-14","page","type-page","status-publish","has-post-thumbnail","hentry"],"_links":{"self":[{"href":"https:\/\/heliodrom.de\/de\/wp-json\/wp\/v2\/pages\/14"}],"collection":[{"href":"https:\/\/heliodrom.de\/de\/wp-json\/wp\/v2\/pages"}],"about":[{"href":"https:\/\/heliodrom.de\/de\/wp-json\/wp\/v2\/types\/page"}],"author":[{"embeddable":true,"href":"https:\/\/heliodrom.de\/de\/wp-json\/wp\/v2\/users\/1"}],"replies":[{"embeddable":true,"href":"https:\/\/heliodrom.de\/de\/wp-json\/wp\/v2\/comments?post=14"}],"version-history":[{"count":9,"href":"https:\/\/heliodrom.de\/de\/wp-json\/wp\/v2\/pages\/14\/revisions"}],"predecessor-version":[{"id":207,"href":"https:\/\/heliodrom.de\/de\/wp-json\/wp\/v2\/pages\/14\/revisions\/207"}],"wp:featuredmedia":[{"embeddable":true,"href":"https:\/\/heliodrom.de\/de\/wp-json\/wp\/v2\/media\/6"}],"wp:attachment":[{"href":"https:\/\/heliodrom.de\/de\/wp-json\/wp\/v2\/media?parent=14"}],"curies":[{"name":"wp","href":"https:\/\/api.w.org\/{rel}","templated":true}]}}