{"id":315,"date":"2016-08-04T20:22:35","date_gmt":"2016-08-04T18:22:35","guid":{"rendered":"http:\/\/heliodrom.de\/?page_id=315"},"modified":"2016-08-04T22:40:33","modified_gmt":"2016-08-04T20:40:33","slug":"corin-curschellas","status":"publish","type":"page","link":"https:\/\/heliodrom.de\/de\/moegliche-ereignisse\/vergangene-veranstaltungen\/andeer-kulturwochen\/corin-curschellas\/","title":{"rendered":"Corin Curschellas und \u201eLa Triada&#8220;"},"content":{"rendered":"<p><a title=\"Corin Curschellas\" href=\"http:\/\/www.corin.ch\" target=\"_blank\"><img loading=\"lazy\" decoding=\"async\" class=\"alignnone size-medium wp-image-318\" alt=\"Heliodrom-La-Triada\" src=\"http:\/\/heliodrom.de\/wp-content\/uploads\/2016\/08\/Heliodrom-La-Triada-199x300.png\" width=\"199\" height=\"300\" srcset=\"https:\/\/heliodrom.de\/wp-content\/uploads\/2016\/08\/Heliodrom-La-Triada-199x300.png 199w, https:\/\/heliodrom.de\/wp-content\/uploads\/2016\/08\/Heliodrom-La-Triada.png 514w\" sizes=\"(max-width: 199px) 100vw, 199px\" \/><\/a><\/p>\n<p><em>Universelle Erfahrungen in l\u00e4ngst vergessenen romanischen Liedern neu entdeckt.<\/em><\/p>\n<p><em>Freitag 12. August, 19.30 Uhr.\u00a0Eintritt: CHF 25.\u2013 \/ 15.\u2013<\/em><\/p>\n<p>Corin Curschellas, Ursina Giger und Astrid Alexandre legen ein faszinierendes a capella-Album vor. Das Vokaltrio singt r\u00e4toromanische Volkslieder, l\u00e4sst sich dabei von anderen Kulturen inspirieren und erweitert tradiertes Volksgut mit zeitgen\u00f6ssischen Elementen. Curschellas, Alexandre und Giger tun dies feinf\u00fchlig und respektvoll, so dass traditionelle und moderne Formen in einer stimmigen Balance miteinander verbunden sind.<\/p>\n<p><a href=\"http:\/\/www.corin.ch\/index.php?page=triada\" target=\"_blank\">http:\/\/www.corin.ch\/index.php?page=triada<br \/>\n<\/a><\/p>\n","protected":false},"excerpt":{"rendered":"<p>Universelle Erfahrungen in l\u00e4ngst vergessenen romanischen Liedern neu entdeckt. Freitag 12. August, 19.30 Uhr.\u00a0Eintritt: CHF 25.\u2013 \/ 15.\u2013 Corin Curschellas, Ursina Giger und Astrid Alexandre legen ein faszinierendes a capella-Album vor. Das Vokaltrio singt r\u00e4toromanische Volkslieder, l\u00e4sst sich dabei von &hellip; <a href=\"https:\/\/heliodrom.de\/de\/moegliche-ereignisse\/vergangene-veranstaltungen\/andeer-kulturwochen\/corin-curschellas\/\">Weiterlesen <span class=\"meta-nav\">&rarr;<\/span><\/a><\/p>\n","protected":false},"author":1,"featured_media":0,"parent":312,"menu_order":1,"comment_status":"closed","ping_status":"closed","template":"","meta":{"footnotes":""},"class_list":["post-315","page","type-page","status-publish","hentry"],"_links":{"self":[{"href":"https:\/\/heliodrom.de\/de\/wp-json\/wp\/v2\/pages\/315"}],"collection":[{"href":"https:\/\/heliodrom.de\/de\/wp-json\/wp\/v2\/pages"}],"about":[{"href":"https:\/\/heliodrom.de\/de\/wp-json\/wp\/v2\/types\/page"}],"author":[{"embeddable":true,"href":"https:\/\/heliodrom.de\/de\/wp-json\/wp\/v2\/users\/1"}],"replies":[{"embeddable":true,"href":"https:\/\/heliodrom.de\/de\/wp-json\/wp\/v2\/comments?post=315"}],"version-history":[{"count":4,"href":"https:\/\/heliodrom.de\/de\/wp-json\/wp\/v2\/pages\/315\/revisions"}],"predecessor-version":[{"id":379,"href":"https:\/\/heliodrom.de\/de\/wp-json\/wp\/v2\/pages\/315\/revisions\/379"}],"up":[{"embeddable":true,"href":"https:\/\/heliodrom.de\/de\/wp-json\/wp\/v2\/pages\/312"}],"wp:attachment":[{"href":"https:\/\/heliodrom.de\/de\/wp-json\/wp\/v2\/media?parent=315"}],"curies":[{"name":"wp","href":"https:\/\/api.w.org\/{rel}","templated":true}]}}