{"id":339,"date":"2016-08-04T20:35:04","date_gmt":"2016-08-04T18:35:04","guid":{"rendered":"http:\/\/heliodrom.de\/?page_id=339"},"modified":"2016-08-04T22:44:31","modified_gmt":"2016-08-04T20:44:31","slug":"romeo-vs-julia","status":"publish","type":"page","link":"https:\/\/heliodrom.de\/de\/moegliche-ereignisse\/vergangene-veranstaltungen\/andeer-kulturwochen\/romeo-vs-julia\/","title":{"rendered":"Romeo vs. Julia: Liebe zum Ableben"},"content":{"rendered":"<p><i>Soloperformance von Jonas Sch\u00fctte<\/i><\/p>\n<p>Samstag 13. August &amp;\u00a0Sonntag 14. August, jeweils um 19.30 Uhr.\u00a0Eintritt: CHF 25.\u2013 \/ 15.\u2013<\/p>\n<p><a href=\"http:\/\/www.jonsch.net\/projekte\/romeo-und-julia\/\"><img loading=\"lazy\" decoding=\"async\" class=\"alignnone size-medium wp-image-322\" alt=\"Heliodrom-Romeo&amp;Julia\" src=\"http:\/\/heliodrom.de\/wp-content\/uploads\/2016\/08\/Heliodrom-RomeoJulia-300x199.png\" width=\"300\" height=\"199\" srcset=\"https:\/\/heliodrom.de\/wp-content\/uploads\/2016\/08\/Heliodrom-RomeoJulia-300x199.png 300w, https:\/\/heliodrom.de\/wp-content\/uploads\/2016\/08\/Heliodrom-RomeoJulia.png 947w\" sizes=\"(max-width: 300px) 100vw, 300px\" \/><\/a><\/p>\n<p><em>Verleiht die Liebe Fl\u00fcgel?<\/em><\/p>\n<p>Die Trag\u00f6die von Shakespeare solistisch und h\u00f6chst humoristisch gespielt von einer Person. Zwischen den auf sieben Figuren reduzierten Akten generieren Stand-Up-Einlagen die Leichtigkeit eines Comedy-Abends, um der Geschichte alles an Humor zu melken, was sie hergibt. Und das ist \u00fcberraschend viel.<\/p>\n<p>Der sch\u00fcchterne Romeo, seine beiden Partyfreunde Mercutio und Benvolio, die redegewandte Julia, der manische Tybalt und sein verwirrter Onkel. Dazwischen Jonas Sch\u00fctte \u2013 improvisierend, im Dialog mit dem Publikum durch das St\u00fcck f\u00fchrend und das ganze total auf Zack.<\/p>\n<p>Jonas Sch\u00fctte absolvierte seine Schauspielausbildung an der Berliner Hochschule f\u00fcr Schauspielkunst \u201eErnst Busch\u201d. Nach Arbeiten mit Ingrid Lausund in Ravensburg und am Hamburger Schauspielhaus, sowie einem Gastspiel am Maxim Gorki Theater trat er 2008 sein Erstengagement am Theater an der Rott an. 2009 begann er am Neuen Theater Halle als Schauspieler und Jugendclubleiter. Seit 2013 ist er freier Theatermacher. Seit 2015 ist er Schauspieler und Co-Autor in Theater R.A.B. neueste Produktion \u201eUm die Welt in 80 Tagen\u201c.<\/p>\n<p><i>nach einer Idee von Uli Boettcher<\/i><\/p>\n<p><a title=\"Jonas Sch\u00fctte\" href=\"http:\/\/www.jonsch.net\" target=\"_blank\">\u00a0http:\/\/www.jonsch.net<\/a><\/p>\n","protected":false},"excerpt":{"rendered":"<p>Soloperformance von Jonas Sch\u00fctte Samstag 13. August &amp;\u00a0Sonntag 14. August, jeweils um 19.30 Uhr.\u00a0Eintritt: CHF 25.\u2013 \/ 15.\u2013 Verleiht die Liebe Fl\u00fcgel? Die Trag\u00f6die von Shakespeare solistisch und h\u00f6chst humoristisch gespielt von einer Person. Zwischen den auf sieben Figuren reduzierten &hellip; <a href=\"https:\/\/heliodrom.de\/de\/moegliche-ereignisse\/vergangene-veranstaltungen\/andeer-kulturwochen\/romeo-vs-julia\/\">Weiterlesen <span class=\"meta-nav\">&rarr;<\/span><\/a><\/p>\n","protected":false},"author":1,"featured_media":0,"parent":312,"menu_order":1,"comment_status":"closed","ping_status":"closed","template":"","meta":{"footnotes":""},"class_list":["post-339","page","type-page","status-publish","hentry"],"_links":{"self":[{"href":"https:\/\/heliodrom.de\/de\/wp-json\/wp\/v2\/pages\/339"}],"collection":[{"href":"https:\/\/heliodrom.de\/de\/wp-json\/wp\/v2\/pages"}],"about":[{"href":"https:\/\/heliodrom.de\/de\/wp-json\/wp\/v2\/types\/page"}],"author":[{"embeddable":true,"href":"https:\/\/heliodrom.de\/de\/wp-json\/wp\/v2\/users\/1"}],"replies":[{"embeddable":true,"href":"https:\/\/heliodrom.de\/de\/wp-json\/wp\/v2\/comments?post=339"}],"version-history":[{"count":3,"href":"https:\/\/heliodrom.de\/de\/wp-json\/wp\/v2\/pages\/339\/revisions"}],"predecessor-version":[{"id":382,"href":"https:\/\/heliodrom.de\/de\/wp-json\/wp\/v2\/pages\/339\/revisions\/382"}],"up":[{"embeddable":true,"href":"https:\/\/heliodrom.de\/de\/wp-json\/wp\/v2\/pages\/312"}],"wp:attachment":[{"href":"https:\/\/heliodrom.de\/de\/wp-json\/wp\/v2\/media?parent=339"}],"curies":[{"name":"wp","href":"https:\/\/api.w.org\/{rel}","templated":true}]}}