{"id":359,"date":"2016-08-04T21:46:42","date_gmt":"2016-08-04T19:46:42","guid":{"rendered":"http:\/\/heliodrom.de\/?page_id=359"},"modified":"2016-08-07T11:24:13","modified_gmt":"2016-08-07T09:24:13","slug":"80-tagen","status":"publish","type":"page","link":"https:\/\/heliodrom.de\/de\/moegliche-ereignisse\/vergangene-veranstaltungen\/andeer-kulturwochen\/80-tagen\/","title":{"rendered":"Theater R.A.B.: \u00abUm die Welt in 80 Tagen\u00bb"},"content":{"rendered":"<p><a href=\"http:\/\/randomactsofbeauty.de\/theaterproduktionen\/um-die-welt-in-80-tagen\/?lang=de\/\"><img loading=\"lazy\" decoding=\"async\" class=\"alignnone size-medium wp-image-329\" alt=\"Heliodrom-Um-die-Welt-2\" src=\"http:\/\/heliodrom.de\/wp-content\/uploads\/2016\/08\/Heliodrom-Um-die-Welt-2-300x198.png\" width=\"300\" height=\"198\" srcset=\"https:\/\/heliodrom.de\/wp-content\/uploads\/2016\/08\/Heliodrom-Um-die-Welt-2-300x198.png 300w, https:\/\/heliodrom.de\/wp-content\/uploads\/2016\/08\/Heliodrom-Um-die-Welt-2.png 925w\" sizes=\"(max-width: 300px) 100vw, 300px\" \/><\/a><\/p>\n<p><em>Abenteuer nach Jules Verne.<\/em><\/p>\n<p><em>Donnerstag, Freitag &amp; Samstag 18. &#8211; 20. August, jeweils um 19.30 Uhr.\u00a0Eintritt: CHF 25.\u2013 \/ 15.\u2013<\/em><\/p>\n<p>Spinnende Zahnr\u00e4der, durchtriebene Maskencharaktere, schr\u00e4ge Puppengestalten, ein Cameo-Auftritt von Kapit\u00e4n Nemo und vieles mehr pr\u00e4gen diese irrwitzige Umsetzung des klassischen Abenteuerromans des sp\u00e4ten 19. Jahrhunderts. Die halsbrecherische Reise des korrekten Gentleman Phileas Fogg und seines filou-haften Dieners Passepartout in zwei unterhaltsam-ironischen Stunden: mit einer bunten Vielfalt an Theatermitteln nehmen Franziska Braegger (CH), Jonas Sch\u00fctte (D) und Len Shirts (USA) die Zuschauer mit auf einen Parforce-Ritt durch eine retro-futuristische Welt, an der auch Jules Verne seine helle Freude gehabt h\u00e4tte.<\/p>\n<p><a href=\"http:\/\/randomactsofbeauty.de\/theaterproduktionen\/um-die-welt-in-80-tagen\/?lang=de\/\"><img loading=\"lazy\" decoding=\"async\" class=\"alignnone size-medium wp-image-328\" alt=\"Heliodrom-Um-die-Welt-1\" src=\"http:\/\/heliodrom.de\/wp-content\/uploads\/2016\/08\/Heliodrom-Um-die-Welt-1-280x300.png\" width=\"280\" height=\"300\" srcset=\"https:\/\/heliodrom.de\/wp-content\/uploads\/2016\/08\/Heliodrom-Um-die-Welt-1-280x300.png 280w, https:\/\/heliodrom.de\/wp-content\/uploads\/2016\/08\/Heliodrom-Um-die-Welt-1.png 712w\" sizes=\"(max-width: 280px) 100vw, 280px\" \/><\/a><\/p>\n<p><a title=\"Theater R.A.B. Um die Welt in 80 Tagen\" href=\"http:\/\/randomactsofbeauty.de\/theaterproduktionen\/um-die-welt-in-80-tagen\/?lang=de\/\">http:\/\/randomactsofbeauty.de\/theaterproduktionen\/um-die-welt-in-80-tagen\/?lang=de\/<\/a><\/p>\n<p>Photos \u00a9 Jennifer Rohrbacher<\/p>\n<p>&nbsp;<\/p>\n","protected":false},"excerpt":{"rendered":"<p>Abenteuer nach Jules Verne. Donnerstag, Freitag &amp; Samstag 18. &#8211; 20. August, jeweils um 19.30 Uhr.\u00a0Eintritt: CHF 25.\u2013 \/ 15.\u2013 Spinnende Zahnr\u00e4der, durchtriebene Maskencharaktere, schr\u00e4ge Puppengestalten, ein Cameo-Auftritt von Kapit\u00e4n Nemo und vieles mehr pr\u00e4gen diese irrwitzige Umsetzung des klassischen &hellip; <a href=\"https:\/\/heliodrom.de\/de\/moegliche-ereignisse\/vergangene-veranstaltungen\/andeer-kulturwochen\/80-tagen\/\">Weiterlesen <span class=\"meta-nav\">&rarr;<\/span><\/a><\/p>\n","protected":false},"author":1,"featured_media":0,"parent":312,"menu_order":6,"comment_status":"closed","ping_status":"closed","template":"","meta":{"footnotes":""},"class_list":["post-359","page","type-page","status-publish","hentry"],"_links":{"self":[{"href":"https:\/\/heliodrom.de\/de\/wp-json\/wp\/v2\/pages\/359"}],"collection":[{"href":"https:\/\/heliodrom.de\/de\/wp-json\/wp\/v2\/pages"}],"about":[{"href":"https:\/\/heliodrom.de\/de\/wp-json\/wp\/v2\/types\/page"}],"author":[{"embeddable":true,"href":"https:\/\/heliodrom.de\/de\/wp-json\/wp\/v2\/users\/1"}],"replies":[{"embeddable":true,"href":"https:\/\/heliodrom.de\/de\/wp-json\/wp\/v2\/comments?post=359"}],"version-history":[{"count":4,"href":"https:\/\/heliodrom.de\/de\/wp-json\/wp\/v2\/pages\/359\/revisions"}],"predecessor-version":[{"id":415,"href":"https:\/\/heliodrom.de\/de\/wp-json\/wp\/v2\/pages\/359\/revisions\/415"}],"up":[{"embeddable":true,"href":"https:\/\/heliodrom.de\/de\/wp-json\/wp\/v2\/pages\/312"}],"wp:attachment":[{"href":"https:\/\/heliodrom.de\/de\/wp-json\/wp\/v2\/media?parent=359"}],"curies":[{"name":"wp","href":"https:\/\/api.w.org\/{rel}","templated":true}]}}