{"id":406,"date":"2016-08-05T12:18:01","date_gmt":"2016-08-05T10:18:01","guid":{"rendered":"http:\/\/heliodrom.de\/?page_id=406"},"modified":"2016-08-07T11:29:37","modified_gmt":"2016-08-07T09:29:37","slug":"maskenspiel-leicht-gemacht","status":"publish","type":"page","link":"https:\/\/heliodrom.de\/de\/moegliche-ereignisse\/vergangene-veranstaltungen\/andeer-kulturwochen\/maskenspiel-leicht-gemacht\/","title":{"rendered":"Maskenspiel leicht gemacht!"},"content":{"rendered":"<p style=\"text-align: center;\"><a href=\"http:\/\/heliodrom.de\/wp-content\/uploads\/2016\/08\/Maskenkurs-UWC.png\"><img loading=\"lazy\" decoding=\"async\" class=\"size-medium wp-image-409 aligncenter\" alt=\"Maskenkurs UWC\" src=\"http:\/\/heliodrom.de\/wp-content\/uploads\/2016\/08\/Maskenkurs-UWC-300x196.png\" width=\"300\" height=\"196\" srcset=\"https:\/\/heliodrom.de\/wp-content\/uploads\/2016\/08\/Maskenkurs-UWC-300x196.png 300w, https:\/\/heliodrom.de\/wp-content\/uploads\/2016\/08\/Maskenkurs-UWC.png 726w\" sizes=\"(max-width: 300px) 100vw, 300px\" \/><\/a><\/p>\n<p><em>Montag durch Mittwoch 15. -17. August, jeweils 11 bis 15 Uhr<\/em><\/p>\n<p><em>3 Tage: CHF 40.\u2013 \/ 1 Tag: 15.\u2013 \u00a0Teilnahme limitiert (12 Personen), bitte reservieren<\/em><\/p>\n<p><em>geeignet f\u00fcr Erwachsene, Jugendliche und Kinder ab 10 Jahren<\/em><\/p>\n<p><em>Es wird viel bewegt! Bequeme Kleider (Trainingskleider) und Schuhe wichtig!<\/em><\/p>\n<p>Ein St\u00fcck buntes Papier, Leder oder Holz wird zum Leben erweckt. Haltungen, Bewegungen und Rhythmen entstehen und \u00fcberraschen. Neue Realit\u00e4ten \u00f6ffnen sich, dem Mund entschl\u00fcpfen Wahrheiten. Das ist Maskentheater!<\/p>\n<p style=\"text-align: center;\"><a style=\"color: #ff4b33;\" href=\"http:\/\/heliodrom.de\/wp-content\/uploads\/2016\/08\/Maskenkurs-Tiziana.png\"><img loading=\"lazy\" decoding=\"async\" class=\"size-medium wp-image-410 aligncenter\" alt=\"Maskenkurs Tiziana\" src=\"http:\/\/heliodrom.de\/wp-content\/uploads\/2016\/08\/Maskenkurs-Tiziana-300x210.png\" width=\"300\" height=\"210\" srcset=\"https:\/\/heliodrom.de\/wp-content\/uploads\/2016\/08\/Maskenkurs-Tiziana-300x210.png 300w, https:\/\/heliodrom.de\/wp-content\/uploads\/2016\/08\/Maskenkurs-Tiziana.png 1006w\" sizes=\"(max-width: 300px) 100vw, 300px\" \/><\/a><\/p>\n<p>In diesem Kurs werden Maskencharaktere entdeckt und in Spiel- und B\u00fchnensituationen gebracht. Durch die freudevollen Arbeit an K\u00f6rper und Stimme durch Spielaktionen und Improvisationen entsteht eine \u00e4u\u00dferst lebendige und lustbetonte Spielweise.<\/p>\n","protected":false},"excerpt":{"rendered":"<p>Montag durch Mittwoch 15. -17. August, jeweils 11 bis 15 Uhr 3 Tage: CHF 40.\u2013 \/ 1 Tag: 15.\u2013 \u00a0Teilnahme limitiert (12 Personen), bitte reservieren geeignet f\u00fcr Erwachsene, Jugendliche und Kinder ab 10 Jahren Es wird viel bewegt! Bequeme Kleider &hellip; <a href=\"https:\/\/heliodrom.de\/de\/moegliche-ereignisse\/vergangene-veranstaltungen\/andeer-kulturwochen\/maskenspiel-leicht-gemacht\/\">Weiterlesen <span class=\"meta-nav\">&rarr;<\/span><\/a><\/p>\n","protected":false},"author":1,"featured_media":0,"parent":312,"menu_order":10,"comment_status":"closed","ping_status":"closed","template":"","meta":{"footnotes":""},"class_list":["post-406","page","type-page","status-publish","hentry"],"_links":{"self":[{"href":"https:\/\/heliodrom.de\/de\/wp-json\/wp\/v2\/pages\/406"}],"collection":[{"href":"https:\/\/heliodrom.de\/de\/wp-json\/wp\/v2\/pages"}],"about":[{"href":"https:\/\/heliodrom.de\/de\/wp-json\/wp\/v2\/types\/page"}],"author":[{"embeddable":true,"href":"https:\/\/heliodrom.de\/de\/wp-json\/wp\/v2\/users\/1"}],"replies":[{"embeddable":true,"href":"https:\/\/heliodrom.de\/de\/wp-json\/wp\/v2\/comments?post=406"}],"version-history":[{"count":5,"href":"https:\/\/heliodrom.de\/de\/wp-json\/wp\/v2\/pages\/406\/revisions"}],"predecessor-version":[{"id":416,"href":"https:\/\/heliodrom.de\/de\/wp-json\/wp\/v2\/pages\/406\/revisions\/416"}],"up":[{"embeddable":true,"href":"https:\/\/heliodrom.de\/de\/wp-json\/wp\/v2\/pages\/312"}],"wp:attachment":[{"href":"https:\/\/heliodrom.de\/de\/wp-json\/wp\/v2\/media?parent=406"}],"curies":[{"name":"wp","href":"https:\/\/api.w.org\/{rel}","templated":true}]}}