{"id":433,"date":"2017-06-22T22:11:38","date_gmt":"2017-06-22T20:11:38","guid":{"rendered":"http:\/\/heliodrom.de\/?page_id=433"},"modified":"2022-02-05T12:24:09","modified_gmt":"2022-02-05T10:24:09","slug":"zwischenraum-im-heliodrom","status":"publish","type":"page","link":"https:\/\/heliodrom.de\/de\/das-konzept\/zwischenraum-im-heliodrom\/","title":{"rendered":"&#8222;Zwischenraum im Heliodrom&#8220;"},"content":{"rendered":"<p>Von Februar 2016 bis Feb 2018 wurde das Heliodrom vom Fairburg e.V. benutzt, um das kulturelle Begegnungsort &#8222;Zwischenraum&#8220; zu realisieren. Das Heliodrom ist auf dem Gel\u00e4nde der Haufe-Akademie, L\u00f6rracherstra\u00dfe 9, 79115 Freiburg aufgestellt worden. F\u00fcr mehr Information siehe\u00a0<a title=\"Fairburg e.V. - Zwischenraum\" href=\"http:\/\/fairburg.de\/zwischenraum.html\">http:\/\/fairburg.de\/zwischenraum.html<\/a><\/p>\n","protected":false},"excerpt":{"rendered":"<p>Von Februar 2016 bis Feb 2018 wurde das Heliodrom vom Fairburg e.V. benutzt, um das kulturelle Begegnungsort &#8222;Zwischenraum&#8220; zu realisieren. Das Heliodrom ist auf dem Gel\u00e4nde der Haufe-Akademie, L\u00f6rracherstra\u00dfe 9, 79115 Freiburg aufgestellt worden. F\u00fcr mehr Information siehe\u00a0http:\/\/fairburg.de\/zwischenraum.html<\/p>\n","protected":false},"author":1,"featured_media":0,"parent":10,"menu_order":5,"comment_status":"closed","ping_status":"closed","template":"","meta":{"footnotes":""},"class_list":["post-433","page","type-page","status-publish","hentry"],"_links":{"self":[{"href":"https:\/\/heliodrom.de\/de\/wp-json\/wp\/v2\/pages\/433"}],"collection":[{"href":"https:\/\/heliodrom.de\/de\/wp-json\/wp\/v2\/pages"}],"about":[{"href":"https:\/\/heliodrom.de\/de\/wp-json\/wp\/v2\/types\/page"}],"author":[{"embeddable":true,"href":"https:\/\/heliodrom.de\/de\/wp-json\/wp\/v2\/users\/1"}],"replies":[{"embeddable":true,"href":"https:\/\/heliodrom.de\/de\/wp-json\/wp\/v2\/comments?post=433"}],"version-history":[{"count":3,"href":"https:\/\/heliodrom.de\/de\/wp-json\/wp\/v2\/pages\/433\/revisions"}],"predecessor-version":[{"id":446,"href":"https:\/\/heliodrom.de\/de\/wp-json\/wp\/v2\/pages\/433\/revisions\/446"}],"up":[{"embeddable":true,"href":"https:\/\/heliodrom.de\/de\/wp-json\/wp\/v2\/pages\/10"}],"wp:attachment":[{"href":"https:\/\/heliodrom.de\/de\/wp-json\/wp\/v2\/media?parent=433"}],"curies":[{"name":"wp","href":"https:\/\/api.w.org\/{rel}","templated":true}]}}