{"id":440,"date":"2018-07-03T20:21:18","date_gmt":"2018-07-03T18:21:18","guid":{"rendered":"http:\/\/heliodrom.de\/?page_id=440"},"modified":"2022-10-17T15:11:04","modified_gmt":"2022-10-17T13:11:04","slug":"datenschutzerklaerung","status":"publish","type":"page","link":"https:\/\/heliodrom.de\/de\/datenschutzerklaerung\/","title":{"rendered":"Datenschutzerkl\u00e4rung"},"content":{"rendered":"<p>Im Folgenden informieren wir Sie \u00fcber die Verarbeitung personenbezogener Daten durch uns als Verantwortlichen, insbesondere bei der Nutzung unserer Website. Die Verarbeitung personenbezogener Daten (z.B. Name, Anschrift, E-Mail-Adresse oder Telefonnummer einer betroffenen Person) erfolgt gem\u00e4\u00df den gesetzlichen Bestimmungen, insbesondere nach den Anforderungen der Datenschutz-Grundverordnung (DSGVO) sowie des Bundesdatenschutzgesetzes (BDSG).<\/p>\n<p>Diese Datenschutzerkl\u00e4rung verwendet Begrifflichkeiten, die auf den Formulierungen der DSGVO basieren. Die Definitionen f\u00fcr einige dieser Begriffe finden sich am Ende dieser Erkl\u00e4rung.<br \/>\n&lt;h3&gt;&lt;strong&gt;1. Name und Anschrift des Verantwortlichen\u00a0&lt;\/strong&gt;&lt;\/h3&gt;<br \/>\nVerantwortlicher gem. Art. 4 Abs. 7 DSGVO ist:<br \/>\n&lt;ul&gt;<br \/>\n&lt;li&gt;Franziska Braegger und Len Shirts GbR,&lt;\/li&gt;<br \/>\n&lt;li&gt;genannt \u201eTheater R.A.B.&#8220; oder &#8222;Random Acts of Beauty&#8220;&lt;\/li&gt;<br \/>\n&lt;li&gt;Oltmannsstra\u00dfe 22, D 79100 Freiburg im Breisgau, Deutschland&lt;\/li&gt;<br \/>\n&lt;li&gt;Gesch\u00e4ftsf\u00fchrung: Franziska Braegger und Len Shirts&lt;\/li&gt;<br \/>\n&lt;li&gt;Email:\u00a0info@theater-rab.de&lt;\/li&gt;<br \/>\n&lt;li&gt;Tel: +49 (0)761 20 21 203&lt;\/li&gt;<br \/>\n&lt;\/ul&gt;<br \/>\n&lt;h3&gt;&lt;strong&gt;2. Verarbeitung personenbezogener Daten bei Besuch unserer Website\u00a0&lt;\/strong&gt;&lt;\/h3&gt;<br \/>\nBei der blo\u00df informatorischen Nutzung der Website verarbeiten wir nur die personenbezogenen Daten, die Ihr Browser an den von uns eingesetzten Server \u00fcbermittelt. Wenn Sie unsere Website betrachten m\u00f6chten, verarbeiten wir die folgenden Daten, die f\u00fcr uns technisch erforderlich sind, um Ihnen unsere Website anzuzeigen und die Stabilit\u00e4t und Sicherheit zu gew\u00e4hrleisten (Rechtsgrundlage ist Art. 6 Abs. 1 S. 1 lit. f DSGVO):<br \/>\n&lt;ul&gt;<br \/>\n&lt;li&gt;IP-Adresse&lt;\/li&gt;<br \/>\n&lt;li&gt;Datum und Uhrzeit der Anfrage&lt;\/li&gt;<br \/>\n&lt;li&gt;Zeitzonendifferenz zur Greenwich Mean Time (GMT)&lt;\/li&gt;<br \/>\n&lt;li&gt;Inhalt der Anforderung (konkrete Seite)&lt;\/li&gt;<br \/>\n&lt;li&gt;Zugriffsstatus\/HTTP-Statuscode&lt;\/li&gt;<br \/>\n&lt;li&gt;jeweils \u00fcbertragene Datenmenge&lt;\/li&gt;<br \/>\n&lt;li&gt;Website, von der die Anforderung kommt&lt;\/li&gt;<br \/>\n&lt;li&gt;Browser&lt;\/li&gt;<br \/>\n&lt;li&gt;Betriebssystem und dessen Oberfl\u00e4che&lt;\/li&gt;<br \/>\n&lt;li&gt;Sprache und Version der Browsersoftware.&lt;\/li&gt;<br \/>\n&lt;\/ul&gt;<br \/>\n&lt;h3&gt;&lt;strong&gt;\u00a03. Verarbeitung personenbezogener Daten bei pers\u00f6nlicher Kontaktaufnahme\u00a0&lt;\/strong&gt;&lt;\/h3&gt;<br \/>\nBei Ihrer Kontaktaufnahme mit uns per E-Mail, per Post, \u00fcber ein Kontaktformular oder auf andere Weise werden die von Ihnen mitgeteilten Daten (z.B. Ihre E-Mail- Adresse, ggf. Ihr Name und Ihre Telefonnummer) von uns verarbeitet, um Ihr Anliegen zu bearbeiten bzw. zu beantworten (Rechtsgrundlage: Art. 6 Abs. 1 S. 1 lit. a, f DSGVO). Die in diesem Zusammenhang anfallenden Daten l\u00f6schen wir, sobald die Speicherung nicht mehr erforderlich ist, oder wir schr\u00e4nken die Verarbeitung ein, falls gesetzliche Aufbewahrungspflichten bestehen.<br \/>\n&lt;h3&gt;&lt;strong&gt;4. Newsletter&lt;\/strong&gt;&lt;\/h3&gt;<br \/>\n4.1 Mit Ihrer Einwilligung k\u00f6nnen Sie unseren Newsletter abonnieren, mit dem wir Sie \u00fcber aktuelle Entwicklungen (wie z.B. kommende Produktionen, Probenprozesse, Informationen zur Themen und Inhalt der Produktionen), Ank\u00fcndigungen von eigenen Workshops, der Ank\u00fcndigung der eigenen Auff\u00fchrungen, von k\u00fcnstlerischen Veranstaltungen sowie von Veranstaltungen, Auff\u00fchrungen und \u00e4hnliche Aktivit\u00e4ten, an denen wir mitwirken, informieren.<\/p>\n<p>4.2 F\u00fcr die Anmeldung zu unserem Newsletter verwenden wir das sog. double-opt-in- Verfahren. Das bedeutet, dass wir Ihnen nach Ihrer Anmeldung eine E-Mail an die von Ihnen angegebene E-Mail-Adresse senden. Hierin werden wir Sie um Best\u00e4tigung bitten, dass Sie den Versand des Newsletters w\u00fcnschen. Wenn Sie Ihre Anmeldung nicht innerhalb von eine Woche best\u00e4tigen, werden Ihre Informationen gesperrt und nach einem Monat automatisch gel\u00f6scht. Dar\u00fcber hinaus speichern wir jeweils Ihre eingesetzten IP-Adressen und Zeitpunkte der Anmeldung und Best\u00e4tigung. Zweck des Verfahrens ist, Ihre Anmeldung nachzuweisen und ggf. einen m\u00f6glichen Missbrauch Ihrer pers\u00f6nlichen Daten aufkl\u00e4ren zu k\u00f6nnen.<\/p>\n<p>4.3 Pflichtangabe f\u00fcr die \u00dcbersendung des Newsletters ist allein Ihre E-Mail-Adresse. Die Angabe weiterer, gesondert markierter Daten ist freiwillig und wird verwendet, um Sie pers\u00f6nlich ansprechen zu k\u00f6nnen. Nach Ihrer Best\u00e4tigung speichern wir Ihre E-Mail- Adresse zum Zweck der Zusendung des Newsletters. Rechtsgrundlage ist Art. 6 Abs. 1 S. 1 lit. a DSGVO.<\/p>\n<p>4.4 Ihre Einwilligung in die \u00dcbersendung des Newsletters k\u00f6nnen Sie jederzeit ohne Angabe von Gr\u00fcnden mit Wirkung f\u00fcr die Zukunft widerrufen und hierdurch den Newsletter abbestellen. Den Widerruf k\u00f6nnen Sie durch Klick auf den in jeder Newsletter-E-Mail bereitgestellten Link, per E-Mail an info@theater-rab.de oder durch eine Nachricht an die im Impressum angegebenen Kontaktdaten erkl\u00e4ren.<\/p>\n<p>4.5 Wir weisen Sie darauf hin, dass wir bei Versand des Newsletters Ihr Nutzerverhalten NICHT auswerten. Falls wir unerwartet zu einen sp\u00e4teren Zeitpunkt dies tun, werden wir Sie davor dar\u00fcber\u00a0\u00a0im Detail informieren und ihre Einwilligen einholen.<\/p>\n<p>5. Erhebung Personenbezogener Daten bei der Vertragsdurchf\u00fchrung<\/p>\n<p>5.1 Wir verarbeiten die von den Vertragspartnern im Rahmen der Vertragsbeziehung mitgeteilten Daten zum Zwecke des Vertragsschlusses und seiner Durchf\u00fchrung. Dazu geh\u00f6rt insbesondere die Verarbeitung der Daten f\u00fcr Vertragsgestaltung, Buchhaltung, Rechnungsstellung, den Abschluss von Vertr\u00e4gen mit Dritten wie Veranstaltern etc. (Rechtsgrundlage: Art. 6 Abs. 1 S. 1 lit. b DSGVO).<br \/>\n&lt;h3&gt;&lt;strong&gt;6. Verarbeitung personenbezogener Daten im Bewerbungsverfahren\u00a0&lt;\/strong&gt;&lt;\/h3&gt;<br \/>\n6.1 Sofern Sie uns im Rahmen des Bewerbungsprozesses personenbezogene Daten mitteilen, werden die von Ihnen \u00fcbermittelten Daten ausschlie\u00dflich zur Durchf\u00fchrung des Bewerbungsverfahrens verarbeitet, um den Erfolg Ihrer Bewerbung einsch\u00e4tzen zu k\u00f6nnen (Rechtsgrundlage: Art. 6 Abs. 1 S. 1 lit. a, f DSGVO).<\/p>\n<p>6.2 Kommt ein Vertragsverh\u00e4ltnis zwischen Ihnen und uns zustande, werden die \u00fcbermittelten Daten zum Zwecke der Eingehung und Durchf\u00fchrung des Besch\u00e4ftigungsverh\u00e4ltnisses unter Beachtung der gesetzlichen Vorschriften verarbeitet. Andernfalls werden die Bewerbungsunterlagen sechs Monate nach Abschluss des Bewerbungsverfahrens automatisch gel\u00f6scht, sofern einer L\u00f6schung keine sonstigen berechtigten Interessen unsererseits entgegenstehen (z.B. AGG-Verfahren).<br \/>\n&lt;h3&gt;&lt;strong&gt;7. Erhebung personenbezogener Daten bei F\u00f6rderungen\u00a0&lt;\/strong&gt;&lt;\/h3&gt;<br \/>\nIm Rahmen der Durchf\u00fchrung von (\u00f6ffentlich) gef\u00f6rderten Projekten verarbeiten wir die personenbezogenen Daten der an diesen Projekten Teilnehmenden, um die Projekte durchzuf\u00fchren und gegen\u00fcber unseren (\u00f6ffentlichen) Zuwendungsgebern die tats\u00e4chliche Durchf\u00fchrung des Projektes nachzuweisen. Unter Umst\u00e4nden kann es zu diesem Zweck auch erforderlich sein, die personenbezogenen Daten an den Zuwendungsgeber zu \u00fcbermitteln (Rechtsgrundlage: Art. 6 Abs. 1 S. 1 lit. c, f DSGVO).<br \/>\n&lt;h3&gt;&lt;strong&gt;8. Empf\u00e4nger von personenbezogenen Daten\u00a0&lt;\/strong&gt;&lt;\/h3&gt;<br \/>\nEine \u00dcbermittlung von personenbezogenen Daten an Dritte erfolgt nur in den in dieser Erkl\u00e4rung genannten F\u00e4llen oder wenn wir Sie andernorts ausdr\u00fccklich dar\u00fcber informieren. Dar\u00fcber hinaus setzen wir zur Erbringung unserer Leistungen teilweise externe Auftragsverarbeiter (Art. 28 DSGVO) ein (z.B. Hostprovider, E-Mail-Provider). Diese verarbeiten personenbezogene Daten jedoch ausschlie\u00dflich innerhalb der Europ\u00e4ischen Union.<br \/>\n&lt;h3&gt;&lt;strong&gt;\u00a09. Ihre Rechte\u00a0&lt;\/strong&gt;&lt;\/h3&gt;<br \/>\n9.1 Sie haben gegen\u00fcber uns folgende Rechte hinsichtlich der Sie betreffenden personenbezogenen Daten:<br \/>\n&lt;ul&gt;<br \/>\n&lt;li&gt;Recht auf Auskunft,&lt;\/li&gt;<br \/>\n&lt;li&gt;Recht auf Berichtigung und L\u00f6schung,&lt;\/li&gt;<br \/>\n&lt;li&gt;Recht auf Einschr\u00e4nkung der Verarbeitung,&lt;\/li&gt;<br \/>\n&lt;li&gt;Recht auf Widerspruch gegen die Verarbeitung,&lt;\/li&gt;<br \/>\n&lt;li&gt;Recht auf Widerruf, wenn Sie in die Verarbeitung eingewilligt haben,&lt;\/li&gt;<br \/>\n&lt;li&gt;Recht auf Daten\u00fcbertragbarkeit.&lt;\/li&gt;<br \/>\n&lt;\/ul&gt;<br \/>\n9.2 Sollten Sie der Auffassung sein, wir w\u00fcrde Ihre Rechte nicht in dem geschuldeten Ma\u00dfe achten, haben Sie das Recht, sich bei einer Datenschutz-Aufsichtsbeh\u00f6rde \u00fcber die Verarbeitung Ihrer personenbezogenen Daten durch uns zu beschweren. Bevor Sie dies tun, w\u00fcrden wir uns jedoch freuen, wenn Sie uns zuvor \u00fcber Ihre Kritik informieren, damit wir selbst eine Beseitigung des Beschwerdegrundes vornehmen k\u00f6nne<br \/>\n&lt;h3&gt;&lt;strong&gt;10. L\u00f6schung von Daten durch den Verantwortlichen\u00a0&lt;\/strong&gt;&lt;\/h3&gt;<br \/>\n10.1 Wir verarbeiten und speichern Ihre personenbezogenen Daten nur f\u00fcr den Zeitraum, der zur Erreichung des Speicherungszwecks erforderlich ist oder &#8211; sofern wir dazu gesetzlich verpflichtet sind \u2013 auch dar\u00fcber hinaus bis zum Ablauf der gesetzlichen Aufbewahrungsfrist.<\/p>\n<p>10.2 Entf\u00e4llt der Speicherungszweck oder l\u00e4uft eine uns gesetzlich vorgeschriebene Speicherfrist ab, werden die personenbezogenen Daten von uns entsprechend den gesetzlichen Vorschriften gesperrt oder gel\u00f6scht. Ein T\u00e4tigwerden Ihrerseits ist hierf\u00fcr nicht erforderlich.<\/p>\n<p>&amp;nbsp;<br \/>\n&lt;h3&gt;&lt;strong&gt;11. Cookies&lt;\/strong&gt;&lt;\/h3&gt;<br \/>\n11.1 Zus\u00e4tzlich zu den zuvor genannten Daten werden bei Ihrer Nutzung unserer Website eventuell (wenn, dann von unser Serverprovider) Cookies auf Ihrem Rechner gespeichert. Bei Cookies handelt es sich um kleine Textdateien, die auf Ihrer Festplatte dem von Ihnen verwendeten Browser zugeordnet gespeichert werden. Dadurch k\u00f6nnen unter anderem die Nutzungsh\u00e4ufigkeit und Nutzeranzahl der Seiten ermittelt und Verhaltensweisen der Seitennutzung analysiert werden. Au\u00dferdem verwenden wir Cookies, um unsere Website benutzerfreundlicher zu gestalten. Cookies bleiben zum Teil auch nach dem Besuch einer Website gespeichert. Besuchen Sie unsere Website erneut, k\u00f6nnen wir noch gespeicherte Cookies wieder aufrufen.<\/p>\n<p>11.2 Sie k\u00f6nnen Ihre Browser-Einstellung entsprechend Ihren W\u00fcnschen konfigurieren und z. B. die Annahme von Third-Party-Cookies oder allen Cookies ablehnen. Wir weisen Sie darauf hin, dass Sie bei der Ablehnung von Cookies eventuell nicht alle Funktionen dieser Website nutzen k\u00f6nnen.<br \/>\n&lt;h3&gt;&lt;strong&gt;12. Analysetools&lt;\/strong&gt;&lt;\/h3&gt;<br \/>\nDiese Website benutzt keine Analysetools.<br \/>\n&lt;h3&gt;&lt;strong&gt;13. Profiling, Daten\u00fcbermittlung in Drittl\u00e4nder&lt;\/strong&gt;&lt;\/h3&gt;<br \/>\nWir nehmen keine automatische Entscheidungsfindung einschlie\u00dflich Profiling im Sinne der DSGVO vor. Eine Daten\u00fcbermittlung in Drittl\u00e4nder erfolgt nur in den in dieser Erkl\u00e4rung oder an anderer Stelle ausdr\u00fccklich genannten F\u00e4llen oder bei Vorliegen einer entsprechenden Einwilligung.<br \/>\n&lt;h3&gt;&lt;strong&gt;14. Begriffsbestimmungen der DSGVO:&lt;\/strong&gt;&lt;\/h3&gt;<br \/>\nIm Sinne der Verordnung und dieser Datenschutzerkl\u00e4rung sowie unserer Website bezeichnet der Ausdruck:<br \/>\n&lt;ul&gt;<br \/>\n&lt;li&gt;\u201epersonenbezogene Daten\u201c alle Informationen, die sich auf eine identifizierte oder identifizierbare nat\u00fcrliche Person (im Folgenden \u201ebetroffene Person\u201c) beziehen; als identifizierbar wird eine nat\u00fcrliche Person angesehen, die direkt oder indirekt, insbesondere mittels Zuordnung zu einer Kennung wie einem Namen, zu einer Kennnummer, zu Standortdaten, zu einer Online-Kennung oder zu einem oder mehreren besonderen Merkmalen, die Ausdruck der physischen, physiologischen, genetischen, psychischen, wirtschaftlichen, kulturellen oder sozialen Identit\u00e4t dieser nat\u00fcrlichen Person sind, identifiziert werden kann;&lt;\/li&gt;<br \/>\n&lt;li&gt;\u201eVerarbeitung\u201c jeden mit oder ohne Hilfe automatisierter Verfahren ausgef\u00fchrten Vorgang oder jede solche Vorgangsreihe im Zusammenhang mit personenbezogenen Daten wie das Erheben, das Erfassen, die Organisation, das Ordnen, die Speicherung, die Anpassung oder Ver\u00e4nderung, das Auslesen, das Abfragen, die Verwendung, die Offenlegung durch \u00dcbermittlung, Verbreitung oder eine andere Form der Bereitstellung, den Abgleich oder die Verkn\u00fcpfung, die Einschr\u00e4nkung, das L\u00f6schen oder die Vernichtung;\u201e&lt;\/li&gt;<br \/>\n&lt;li&gt;\u201eEinschr\u00e4nkung der Verarbeitung\u201c die Markierung gespeicherter personenbezogener Daten mit dem Ziel, ihre k\u00fcnftige Verarbeitung einzuschr\u00e4nken;&lt;\/li&gt;<br \/>\n&lt;li&gt;\u201eEinwilligung\u201c der betroffenen Person jede freiwillig f\u00fcr den bestimmten Fall, in informierter Weise und unmissverst\u00e4ndlich abgegebene Willensbekundung in Form einer Erkl\u00e4rung oder einer sonstigen eindeutigen best\u00e4tigenden Handlung, mit der die betroffene Person zu verstehen gibt, dass sie mit der Verarbeitung der sie betreffenden personenbezogenen Daten einverstanden ist;&lt;\/li&gt;<br \/>\n&lt;li&gt;\u201ePseudonymisierung\u201c die Verarbeitung personenbezogener Daten in einer Weise, dass die personenbezogenen Daten ohne Hinzuziehung zus\u00e4tzlicher Informationen nicht mehr einer spezifischen betroffenen Person zugeordnet werden k\u00f6nnen, sofern diese zus\u00e4tzlichen Informationen gesondert aufbewahrt werden und technischen und organisatorischen Ma\u00dfnahmen unterliegen, die gew\u00e4hrleisten, dass die personenbezogenen Daten nicht einer identifizierten oder identifizierbaren nat\u00fcrlichen Person zugewiesen werden;&lt;\/li&gt;<br \/>\n&lt;li&gt;\u201eVerantwortlicher\u201c die nat\u00fcrliche oder juristische Person, Beh\u00f6rde, Einrichtung oder andere Stelle, die allein oder gemeinsam mit anderen \u00fcber die Zwecke und Mittel der Verarbeitung von personenbezogenen Daten entscheidet; sind die Zwecke und Mittel dieser Verarbeitung durch das Unionsrecht oder das Recht der Mitgliedstaaten vorgegeben, so kann der Verantwortliche beziehungsweise k\u00f6nnen die bestimmten Kriterien seiner Benennung nach dem Unionsrecht oder dem Recht der Mitgliedstaaten vorgesehen werden;&lt;\/li&gt;<br \/>\n&lt;li&gt;\u201eDritter\u201c eine nat\u00fcrliche oder juristische Person, Beh\u00f6rde, Einrichtung oder andere Stelle, au\u00dfer der betroffenen Person, dem Verantwortlichen, dem Auftragsverarbeiter und den Personen, die unter der unmittelbaren Verantwortung des Verantwortlichen oder des Auftragsverarbeiters befugt sind, die personenbezogenen Daten zu verarbeiten;&lt;\/li&gt;<br \/>\n&lt;li&gt;\u201eAuftragsverarbeiter\u201c eine nat\u00fcrliche oder juristische Person, Beh\u00f6rde, Einrichtung oder andere Stelle, die personenbezogene Daten im Auftrag des Verantwortlichen verarbeitet;&lt;\/li&gt;<br \/>\n&lt;li&gt;\u201eProfiling\u201c jede Art der automatisierten Verarbeitung personenbezogener Daten, die darin besteht, dass diese personenbezogenen Daten verwendet werden, um bestimmte pers\u00f6nliche Aspekte, die sich auf eine nat\u00fcrliche Person beziehen, zu bewerten, insbesondere um Aspekte bez\u00fcglich Arbeitsleistung, wirtschaftliche Lage, Gesundheit, pers\u00f6nliche Vorlieben, Interessen, Zuverl\u00e4ssigkeit, Verhalten, Aufenthaltsort oder Ortswechsel dieser nat\u00fcrlichen Person zu analysieren oder vorherzusagen.&lt;\/li&gt;<br \/>\n&lt;\/ul&gt;<\/p>\n","protected":false},"excerpt":{"rendered":"<p>Im Folgenden informieren wir Sie \u00fcber die Verarbeitung personenbezogener Daten durch uns als Verantwortlichen, insbesondere bei der Nutzung unserer Website. Die Verarbeitung personenbezogener Daten (z.B. Name, Anschrift, E-Mail-Adresse oder Telefonnummer einer betroffenen Person) erfolgt gem\u00e4\u00df den gesetzlichen Bestimmungen, insbesondere nach &hellip; <a href=\"https:\/\/heliodrom.de\/de\/datenschutzerklaerung\/\">Weiterlesen <span class=\"meta-nav\">&rarr;<\/span><\/a><\/p>\n","protected":false},"author":1,"featured_media":0,"parent":0,"menu_order":6,"comment_status":"closed","ping_status":"open","template":"","meta":{"footnotes":""},"class_list":["post-440","page","type-page","status-publish","hentry"],"_links":{"self":[{"href":"https:\/\/heliodrom.de\/de\/wp-json\/wp\/v2\/pages\/440"}],"collection":[{"href":"https:\/\/heliodrom.de\/de\/wp-json\/wp\/v2\/pages"}],"about":[{"href":"https:\/\/heliodrom.de\/de\/wp-json\/wp\/v2\/types\/page"}],"author":[{"embeddable":true,"href":"https:\/\/heliodrom.de\/de\/wp-json\/wp\/v2\/users\/1"}],"replies":[{"embeddable":true,"href":"https:\/\/heliodrom.de\/de\/wp-json\/wp\/v2\/comments?post=440"}],"version-history":[{"count":1,"href":"https:\/\/heliodrom.de\/de\/wp-json\/wp\/v2\/pages\/440\/revisions"}],"predecessor-version":[{"id":442,"href":"https:\/\/heliodrom.de\/de\/wp-json\/wp\/v2\/pages\/440\/revisions\/442"}],"wp:attachment":[{"href":"https:\/\/heliodrom.de\/de\/wp-json\/wp\/v2\/media?parent=440"}],"curies":[{"name":"wp","href":"https:\/\/api.w.org\/{rel}","templated":true}]}}