{"id":10,"date":"2014-04-19T18:11:18","date_gmt":"2014-04-19T16:11:18","guid":{"rendered":"http:\/\/heliodrom.de\/?page_id=10"},"modified":"2018-07-03T20:21:55","modified_gmt":"2018-07-03T18:21:55","slug":"das-konzept","status":"publish","type":"page","link":"https:\/\/heliodrom.de\/de\/das-konzept\/","title":{"rendered":"Konzept des Heliodroms"},"content":{"rendered":"<div title=\"Page 2\">\n<div><\/div>\n<p>Kultur in der Begegnung, im Austausch \u2013 die Akteure von Theater R.A.B. stellen in Zusammenarbeit mit dem Veranstalter bzw. Kulturschaffenden vor Ort spannende Programme zusammen.<\/p>\n<p>Ein sinnvoller Einsatz des Heliodroms betr\u00e4gt 5 bis 10 Tage; in dieser Zeit finden rund\u00a0um die Uhr Ereignisse in\u00a0und um das Zelt statt.<\/p>\n<p>Neben Auff\u00fchrungen von\u00a0Theater R.A.B. und Gastk\u00fcnstlern gibt es Workshops, Lesungen und Diskussionsrunden aller Art.<\/p>\n<p>Die Verbindung mit dem\u00a0jeweiligen Ort und\/oder auch eines Anlasses ist von zentraler Bedeutung: auf einer Alp findet vor dem Heliodrom ein Alp- hornworkshop statt und als Auftakt zum Abendprogramm wird ein Vortrag \u00fcber Flora und Fauna der Region gehalten; bei einer\u00a0Umweltkulturwoche ist ein positiver Blick auf die kommende Energiewende Hauptthema etc.<\/p>\n<p>Die langj\u00e4hrigen Erfahrungen von R.A.B. im Theater, Stra\u00dfentheater,\u00a0in Theaterp\u00e4dagogik und Eventinszenierung vereinen sich und erm\u00f6glichen ein ma\u00dfgeschneidertes Kulturerlebnis.<\/p>\n<p>Einmaliges Theater, bewegende Konzerte, spannende Diskussionen und informative Veranstaltungen in einer gem\u00fctlichen, intimen Atmosph\u00e4re: das ist das Heliodrom!<\/p>\n<\/div>\n","protected":false},"excerpt":{"rendered":"<p>Kultur in der Begegnung, im Austausch \u2013 die Akteure von Theater R.A.B. stellen in Zusammenarbeit mit dem Veranstalter bzw. Kulturschaffenden vor Ort spannende Programme zusammen. Ein sinnvoller Einsatz des Heliodroms betr\u00e4gt 5 bis 10 Tage; in dieser Zeit finden rund\u00a0um &hellip; <a href=\"https:\/\/heliodrom.de\/de\/das-konzept\/\">Continue reading <span class=\"meta-nav\">&rarr;<\/span><\/a><\/p>\n","protected":false},"author":1,"featured_media":6,"parent":0,"menu_order":1,"comment_status":"closed","ping_status":"closed","template":"","meta":{"footnotes":""},"class_list":["post-10","page","type-page","status-publish","has-post-thumbnail","hentry"],"_links":{"self":[{"href":"https:\/\/heliodrom.de\/en\/wp-json\/wp\/v2\/pages\/10"}],"collection":[{"href":"https:\/\/heliodrom.de\/en\/wp-json\/wp\/v2\/pages"}],"about":[{"href":"https:\/\/heliodrom.de\/en\/wp-json\/wp\/v2\/types\/page"}],"author":[{"embeddable":true,"href":"https:\/\/heliodrom.de\/en\/wp-json\/wp\/v2\/users\/1"}],"replies":[{"embeddable":true,"href":"https:\/\/heliodrom.de\/en\/wp-json\/wp\/v2\/comments?post=10"}],"version-history":[{"count":5,"href":"https:\/\/heliodrom.de\/en\/wp-json\/wp\/v2\/pages\/10\/revisions"}],"predecessor-version":[{"id":453,"href":"https:\/\/heliodrom.de\/en\/wp-json\/wp\/v2\/pages\/10\/revisions\/453"}],"wp:featuredmedia":[{"embeddable":true,"href":"https:\/\/heliodrom.de\/en\/wp-json\/wp\/v2\/media\/6"}],"wp:attachment":[{"href":"https:\/\/heliodrom.de\/en\/wp-json\/wp\/v2\/media?parent=10"}],"curies":[{"name":"wp","href":"https:\/\/api.w.org\/{rel}","templated":true}]}}