{"id":2,"date":"2014-04-09T04:46:32","date_gmt":"2014-04-09T02:46:32","guid":{"rendered":"http:\/\/localhost\/wordpress-3.8.2\/wordpress\/?page_id=2"},"modified":"2016-08-04T20:03:07","modified_gmt":"2016-08-04T18:03:07","slug":"sample-page","status":"publish","type":"page","link":"https:\/\/heliodrom.de\/de\/das-konzept\/sample-page\/","title":{"rendered":"Ein mobiler Ort der Begegnung"},"content":{"rendered":"<div title=\"Page 2\">\n<p>Das Heliodrom birgt Spannendes: Theater,\u00a0Umwelttechnik und\u00a0mannigfaltige kulturelle Denkanst\u00f6\u00dfe.\u00a0Theater R.A.B.s mobile Kulturarena ist\u00a0energieautark, freistehend und \u00fcberall einsetzbar, solange es eine 12 m x 12 m ebene Fl\u00e4che gibt.<\/p>\n<p>Bei einer halbkreisf\u00f6rmige B\u00fchne mit 4 meter tiefe und 8 meter breite kann bis zu 60 Zuschauer platz finden. Wenn die Zuschauer im Kreis am Rand sitzen sind 100 Zuschauer m\u00f6glich.<\/p>\n<p>Schon beim Aufbau macht seine geod\u00e4tische Form neugierig. Das mathematisch raffinierte Spiel von Dreiecken \u2013 nach dem Konzept des vision\u00e4ren Architekten R. Buckminister Fuller und aus heimischem Holz und Eisenbeschl\u00e4gen gebaut \u2013 schafft mit minimalem Materialaufwand eine\u00a0der stabilsten Formen der Architektur. Passanten halten inne, staunen, fragen&#8230;<\/p>\n<\/div>\n","protected":false},"excerpt":{"rendered":"<p>Das Heliodrom birgt Spannendes: Theater,\u00a0Umwelttechnik und\u00a0mannigfaltige kulturelle Denkanst\u00f6\u00dfe.\u00a0Theater R.A.B.s mobile Kulturarena ist\u00a0energieautark, freistehend und \u00fcberall einsetzbar, solange es eine 12 m x 12 m ebene Fl\u00e4che gibt. Bei einer halbkreisf\u00f6rmige B\u00fchne mit 4 meter tiefe und 8 meter breite kann &hellip; <a href=\"https:\/\/heliodrom.de\/de\/das-konzept\/sample-page\/\">Continue reading <span class=\"meta-nav\">&rarr;<\/span><\/a><\/p>\n","protected":false},"author":1,"featured_media":6,"parent":10,"menu_order":2,"comment_status":"closed","ping_status":"closed","template":"","meta":{"footnotes":""},"class_list":["post-2","page","type-page","status-publish","has-post-thumbnail","hentry"],"_links":{"self":[{"href":"https:\/\/heliodrom.de\/en\/wp-json\/wp\/v2\/pages\/2"}],"collection":[{"href":"https:\/\/heliodrom.de\/en\/wp-json\/wp\/v2\/pages"}],"about":[{"href":"https:\/\/heliodrom.de\/en\/wp-json\/wp\/v2\/types\/page"}],"author":[{"embeddable":true,"href":"https:\/\/heliodrom.de\/en\/wp-json\/wp\/v2\/users\/1"}],"replies":[{"embeddable":true,"href":"https:\/\/heliodrom.de\/en\/wp-json\/wp\/v2\/comments?post=2"}],"version-history":[{"count":7,"href":"https:\/\/heliodrom.de\/en\/wp-json\/wp\/v2\/pages\/2\/revisions"}],"predecessor-version":[{"id":197,"href":"https:\/\/heliodrom.de\/en\/wp-json\/wp\/v2\/pages\/2\/revisions\/197"}],"up":[{"embeddable":true,"href":"https:\/\/heliodrom.de\/en\/wp-json\/wp\/v2\/pages\/10"}],"wp:featuredmedia":[{"embeddable":true,"href":"https:\/\/heliodrom.de\/en\/wp-json\/wp\/v2\/media\/6"}],"wp:attachment":[{"href":"https:\/\/heliodrom.de\/en\/wp-json\/wp\/v2\/media?parent=2"}],"curies":[{"name":"wp","href":"https:\/\/api.w.org\/{rel}","templated":true}]}}