{"id":25,"date":"2014-04-24T20:27:24","date_gmt":"2014-04-24T18:27:24","guid":{"rendered":"http:\/\/heliodrom.de\/?page_id=25"},"modified":"2016-08-04T20:05:31","modified_gmt":"2016-08-04T18:05:31","slug":"green-culture-in-action","status":"publish","type":"page","link":"https:\/\/heliodrom.de\/de\/das-konzept\/green-culture-in-action\/","title":{"rendered":"Green Culture in Action"},"content":{"rendered":"<p>Das Heliodrom-Erlebnis ist mehr als Maskentheater. W\u00e4hrend einer mehrt\u00e4gigen Pr\u00e4senz auf einer Umweltwoche, einer Gartenschau oder als Teil eines Festivals kann eine Vielfalt an Veranstaltungen in und um das markante Zelt stattfinden. Zum Beispiel: Eine Solark\u00fcche bietet Cr\u00e8pes und Kaffee an, eine Ausstellung gibt Passanten Hintergrundinformationen \u00fcber Solarenergie, Vortr\u00e4ge regen nachhaltiges Denken an und verschiedene Workshops k\u00f6nnen durchgef\u00fchrt werden\u2026<\/p>\n","protected":false},"excerpt":{"rendered":"<p>Das Heliodrom-Erlebnis ist mehr als Maskentheater. W\u00e4hrend einer mehrt\u00e4gigen Pr\u00e4senz auf einer Umweltwoche, einer Gartenschau oder als Teil eines Festivals kann eine Vielfalt an Veranstaltungen in und um das markante Zelt stattfinden. Zum Beispiel: Eine Solark\u00fcche bietet Cr\u00e8pes und Kaffee &hellip; <a href=\"https:\/\/heliodrom.de\/de\/das-konzept\/green-culture-in-action\/\">Continue reading <span class=\"meta-nav\">&rarr;<\/span><\/a><\/p>\n","protected":false},"author":1,"featured_media":6,"parent":10,"menu_order":1,"comment_status":"closed","ping_status":"closed","template":"","meta":{"footnotes":""},"class_list":["post-25","page","type-page","status-publish","has-post-thumbnail","hentry"],"_links":{"self":[{"href":"https:\/\/heliodrom.de\/en\/wp-json\/wp\/v2\/pages\/25"}],"collection":[{"href":"https:\/\/heliodrom.de\/en\/wp-json\/wp\/v2\/pages"}],"about":[{"href":"https:\/\/heliodrom.de\/en\/wp-json\/wp\/v2\/types\/page"}],"author":[{"embeddable":true,"href":"https:\/\/heliodrom.de\/en\/wp-json\/wp\/v2\/users\/1"}],"replies":[{"embeddable":true,"href":"https:\/\/heliodrom.de\/en\/wp-json\/wp\/v2\/comments?post=25"}],"version-history":[{"count":4,"href":"https:\/\/heliodrom.de\/en\/wp-json\/wp\/v2\/pages\/25\/revisions"}],"predecessor-version":[{"id":94,"href":"https:\/\/heliodrom.de\/en\/wp-json\/wp\/v2\/pages\/25\/revisions\/94"}],"up":[{"embeddable":true,"href":"https:\/\/heliodrom.de\/en\/wp-json\/wp\/v2\/pages\/10"}],"wp:featuredmedia":[{"embeddable":true,"href":"https:\/\/heliodrom.de\/en\/wp-json\/wp\/v2\/media\/6"}],"wp:attachment":[{"href":"https:\/\/heliodrom.de\/en\/wp-json\/wp\/v2\/media?parent=25"}],"curies":[{"name":"wp","href":"https:\/\/api.w.org\/{rel}","templated":true}]}}