{"id":341,"date":"2016-08-04T20:38:41","date_gmt":"2016-08-04T18:38:41","guid":{"rendered":"http:\/\/heliodrom.de\/?page_id=341"},"modified":"2016-08-05T12:33:02","modified_gmt":"2016-08-05T10:33:02","slug":"shane-brady-mit-michel-estermann","status":"publish","type":"page","link":"https:\/\/heliodrom.de\/de\/moegliche-ereignisse\/vergangene-veranstaltungen\/andeer-kulturwochen\/shane-brady-mit-michel-estermann\/","title":{"rendered":"Shane Brady mit Michel Estermann"},"content":{"rendered":"<p><a href=\"http:\/\/www.shanebrady.ch\/die-band\/\"><img loading=\"lazy\" decoding=\"async\" class=\"alignnone size-medium wp-image-316\" alt=\"Heliodrom-Brady&amp;Estermann\" src=\"http:\/\/heliodrom.de\/wp-content\/uploads\/2016\/08\/Heliodrom-BradyEstermann-224x300.png\" width=\"224\" height=\"300\" srcset=\"https:\/\/heliodrom.de\/wp-content\/uploads\/2016\/08\/Heliodrom-BradyEstermann-224x300.png 224w, https:\/\/heliodrom.de\/wp-content\/uploads\/2016\/08\/Heliodrom-BradyEstermann.png 570w\" sizes=\"(max-width: 224px) 100vw, 224px\" \/><\/a><\/p>\n<p><em>Dienstag 16. August, 19.30 Uhr.\u00a0Eintritt: CHF 25.\u2013 \/ 15.\u2013<\/em><\/p>\n<p><i>Rock, Pop, Folk, Blues, Jazz \u2013 der Ire Shane Brady\u00a0 f\u00fchlt sich in allen Genres wohl. An diesem Abend wird er das Publikum mit seinen eigenen Lieder begeistern.<\/i><\/p>\n<p>Ein geb\u00fcrtiger Ire, der nun in der Schweiz daheim ist \u2013 Er lebt seit 2011 in Chur. Shane&#8217;s erstes Engagement war bei Jury&#8217;s Irish Cabaret in Dublin, mit 12 Jahren. Er sang 6 Abende die Woche, begleitet am Klavier, irische Volkslieder. Einen &#8220;Irish Pound&#8221; gab es pro Nacht, etwa \u20ac2. Damit finanziert er die ersten Gitarrenstunden, und 7 Jahre sp\u00e4ter war er unterwegs in Deutschland als Strassenmusiker. Im Swing Jazz Duo &#8220;Mac &amp; Shane&#8221; kamen die ersten Songs, die irgendwo zwischen folk und Jazz liegen, damals eher eine ungew\u00f6hnliche Mischung. Es folgten hunderte von Gigs, in Deutschland und Irland.<\/p>\n<p>Trotz viel Lob aus der Branche\u00a0 f\u00fcr seine Songs, Stimme und Gitarrenspiel (&#8220;Atemberaubend, seine sch\u00f6ne, warme Stimme &#8211; Stefanie T\u00fccking&#8221;) &#8211; hatte er f\u00fcr eine sehr lange Zeit seine eigene Lieder an den Nagel geh\u00e4ngt. Vor einem Jahr fing Shane wieder an, in eine kleine Kneipe\/Club in Chur seine Songs zu spielen, und in k\u00fcrzeste Zeit, waren diese Shows immer voll ausgebucht. Nicht zuletzt wegen seine inzwischen legend\u00e4ren Songansagen. Die Humorvoll, selbstironisch und teils verr\u00fcckte Geschichten sind jedesmal anders, und tragen dazu bei, das es herzlich gelacht wird, und das tut gut!\u00a0 Shane Brady\u00a0hat Lust, seiner Geschichte als S\u00e4nger und Songschreiber ein weiteres Kapitel hinzuzuf\u00fcgen.<\/p>\n<p><b>Michel Estermann<\/b> (Gitarre, Kontrabass, Piano) hat seine musikalischen Wurzeln in der Pop-, Rock- und Jazzmusik. Studierte an der Jazzschule Basel und an der Hochschule der K\u00fcnste in Z\u00fcrich. Musikalische Projekte bringen ihn in Kontakt mit der Klezmer- und Volksmusik.<\/p>\n<p><a title=\"Shane Brady\" href=\"http:\/\/www.shanebrady.ch\/die-band\/\">http:\/\/www.shanebrady.ch\/die-band\/<\/a><\/p>\n","protected":false},"excerpt":{"rendered":"<p>Dienstag 16. August, 19.30 Uhr.\u00a0Eintritt: CHF 25.\u2013 \/ 15.\u2013 Rock, Pop, Folk, Blues, Jazz \u2013 der Ire Shane Brady\u00a0 f\u00fchlt sich in allen Genres wohl. An diesem Abend wird er das Publikum mit seinen eigenen Lieder begeistern. Ein geb\u00fcrtiger Ire, &hellip; <a href=\"https:\/\/heliodrom.de\/de\/moegliche-ereignisse\/vergangene-veranstaltungen\/andeer-kulturwochen\/shane-brady-mit-michel-estermann\/\">Continue reading <span class=\"meta-nav\">&rarr;<\/span><\/a><\/p>\n","protected":false},"author":1,"featured_media":0,"parent":312,"menu_order":3,"comment_status":"closed","ping_status":"closed","template":"","meta":{"footnotes":""},"class_list":["post-341","page","type-page","status-publish","hentry"],"_links":{"self":[{"href":"https:\/\/heliodrom.de\/en\/wp-json\/wp\/v2\/pages\/341"}],"collection":[{"href":"https:\/\/heliodrom.de\/en\/wp-json\/wp\/v2\/pages"}],"about":[{"href":"https:\/\/heliodrom.de\/en\/wp-json\/wp\/v2\/types\/page"}],"author":[{"embeddable":true,"href":"https:\/\/heliodrom.de\/en\/wp-json\/wp\/v2\/users\/1"}],"replies":[{"embeddable":true,"href":"https:\/\/heliodrom.de\/en\/wp-json\/wp\/v2\/comments?post=341"}],"version-history":[{"count":4,"href":"https:\/\/heliodrom.de\/en\/wp-json\/wp\/v2\/pages\/341\/revisions"}],"predecessor-version":[{"id":380,"href":"https:\/\/heliodrom.de\/en\/wp-json\/wp\/v2\/pages\/341\/revisions\/380"}],"up":[{"embeddable":true,"href":"https:\/\/heliodrom.de\/en\/wp-json\/wp\/v2\/pages\/312"}],"wp:attachment":[{"href":"https:\/\/heliodrom.de\/en\/wp-json\/wp\/v2\/media?parent=341"}],"curies":[{"name":"wp","href":"https:\/\/api.w.org\/{rel}","templated":true}]}}