{"id":347,"date":"2016-08-04T21:16:02","date_gmt":"2016-08-04T19:16:02","guid":{"rendered":"http:\/\/heliodrom.de\/?page_id=347"},"modified":"2016-08-05T12:33:08","modified_gmt":"2016-08-05T10:33:08","slug":"reto-haenny","status":"publish","type":"page","link":"https:\/\/heliodrom.de\/de\/moegliche-ereignisse\/vergangene-veranstaltungen\/andeer-kulturwochen\/reto-haenny\/","title":{"rendered":"Reto H\u00e4nny liest aus \u201cFlug\u201d und aus neuen Texten"},"content":{"rendered":"<p><a title=\"Reto H\u00e4nny\" href=\"https:\/\/de.wikipedia.org\/wiki\/Reto_H\u00e4nny\" target=\"_blank\"><img loading=\"lazy\" decoding=\"async\" class=\"alignnone size-medium wp-image-302\" alt=\"Bildschirmfoto 2016-07-20 um 20.10.50\" src=\"http:\/\/heliodrom.de\/wp-content\/uploads\/2016\/07\/Bildschirmfoto-2016-07-20-um-20.10.50-300x248.png\" width=\"300\" height=\"248\" srcset=\"https:\/\/heliodrom.de\/wp-content\/uploads\/2016\/07\/Bildschirmfoto-2016-07-20-um-20.10.50-300x248.png 300w, https:\/\/heliodrom.de\/wp-content\/uploads\/2016\/07\/Bildschirmfoto-2016-07-20-um-20.10.50.png 797w\" sizes=\"(max-width: 300px) 100vw, 300px\" \/><\/a><\/p>\n<p>Der international bekannte B\u00fcndner Schriftsteller, dem der Piz Beverin, auf dessen Gipfel er jedes Jahr steht, ein St\u00fcck Heimat ist, liest aus \u201eFlug\u201c und aus neuen Texten.<\/p>\n<p>Mittwoch 17. August, 19.30 Uhr.\u00a0Eintritt: CHF 15.\u2013 \/ 10.\u2013<\/p>\n<p><em>\u201eKann ich \u00fcberhaupt fliegen, oder habe ich es nur als Kind gekonnt, wie alle?\u201c<\/em><\/p>\n<p>\u201eFlug\u201c ist ein Entwicklungsroman mit umgekehrtem D\u00fcsenantrieb, ein rasender Sprachflug, vor und zur\u00fcck in die Geschichte, bei dem Lekt\u00fcre und Erlebtes ineinander aufgehen. <b><\/b><\/p>\n<p><b>\u00a0<\/b><span style=\"text-decoration: underline;\">Reto H\u00e4nny<\/span> wurde am 13. April 1947 in Tschappina\/Graub\u00fcnden geboren. Er ist in einer Bergbauernfamilie aufgewachsen. Nach der Volksschule Besuch des Lehrerseminars; ab Herbst 1968 einige Jahre Bergschullehrer. Ausgedehnte Reisen um das Mittelmeer und in den Orient bis Afghanistan. Studienaufenthalte in Venedig und Amsterdam. Theaterarbeit am Stadttheater Chur. Ab 1973 Studium der Literatur, Ethnologie und Kunstgeschichte in Z\u00fcrich. 1981 im Rahmen des internationalen Berliner K\u00fcnstlerprogramms nach Berlin eingeladen, danach mehrj\u00e4hriger Aufenthalt in der damals noch geteilten Stadt; Studienaufenthalte in Polen. 1995 und 2005 als Stipendiat der <i>visarte<\/i> Graub\u00fcnden Aufenthalt in der Cit\u00e9 Internationale des Arts in Paris. Einige Jahre Aufseher im Kunsthaus Z\u00fcrich.<\/p>\n<p>Reto H\u00e4nny lebt und arbeitet in Zollikon, Mathon\/Graub\u00fcnden und Berlin.<\/p>\n<p><em>Wichtige Auszeichnungen: <\/em><\/p>\n<ul>\n<li>Max-Frisch-Preis (1985)<\/li>\n<li>Ingeborg-Bachmann-Preis (1994)<\/li>\n<li>Schillerpreis der ZKB (2015)<\/li>\n<\/ul>\n<p><em>Ver\u00f6ffentlichungen (Auswahl; wo nicht anders angegeben Suhrkamp Verlag, Frankfurt\/Berlin):<\/em><\/p>\n<ul>\n<li>Ruch. Ein Bericht, 1979, revidierte Fassung 1984<\/li>\n<li>Flug, 1985<\/li>\n<li>Helldunkel \u2013 Ein Bilderbuch, 1994<\/li>\n<li>Fr\u00fchling \u2013 K\u00fcnstlerbuch mit Felix Humm, Eigenverlag 1997<\/li>\n<li>Flug. Eine \u00dcbermalung, 2007<\/li>\n<li>Blooms Schatten, Verlag Matthes &amp; Seitz Berlin, 2014<\/li>\n<\/ul>\n<p><a title=\"Reto H\u00e4nny\" href=\"https:\/\/de.wikipedia.org\/wiki\/Reto_H\u00e4nny\" target=\"_blank\">https:\/\/de.wikipedia.org\/wiki\/Reto_H\u00e4nny<\/a><\/p>\n<p><em>Photo \u00a9 Eva Caflisch<\/em><\/p>\n","protected":false},"excerpt":{"rendered":"<p>Der international bekannte B\u00fcndner Schriftsteller, dem der Piz Beverin, auf dessen Gipfel er jedes Jahr steht, ein St\u00fcck Heimat ist, liest aus \u201eFlug\u201c und aus neuen Texten. Mittwoch 17. August, 19.30 Uhr.\u00a0Eintritt: CHF 15.\u2013 \/ 10.\u2013 \u201eKann ich \u00fcberhaupt fliegen, &hellip; <a href=\"https:\/\/heliodrom.de\/de\/moegliche-ereignisse\/vergangene-veranstaltungen\/andeer-kulturwochen\/reto-haenny\/\">Continue reading <span class=\"meta-nav\">&rarr;<\/span><\/a><\/p>\n","protected":false},"author":1,"featured_media":0,"parent":312,"menu_order":4,"comment_status":"closed","ping_status":"closed","template":"","meta":{"footnotes":""},"class_list":["post-347","page","type-page","status-publish","hentry"],"_links":{"self":[{"href":"https:\/\/heliodrom.de\/en\/wp-json\/wp\/v2\/pages\/347"}],"collection":[{"href":"https:\/\/heliodrom.de\/en\/wp-json\/wp\/v2\/pages"}],"about":[{"href":"https:\/\/heliodrom.de\/en\/wp-json\/wp\/v2\/types\/page"}],"author":[{"embeddable":true,"href":"https:\/\/heliodrom.de\/en\/wp-json\/wp\/v2\/users\/1"}],"replies":[{"embeddable":true,"href":"https:\/\/heliodrom.de\/en\/wp-json\/wp\/v2\/comments?post=347"}],"version-history":[{"count":7,"href":"https:\/\/heliodrom.de\/en\/wp-json\/wp\/v2\/pages\/347\/revisions"}],"predecessor-version":[{"id":358,"href":"https:\/\/heliodrom.de\/en\/wp-json\/wp\/v2\/pages\/347\/revisions\/358"}],"up":[{"embeddable":true,"href":"https:\/\/heliodrom.de\/en\/wp-json\/wp\/v2\/pages\/312"}],"wp:attachment":[{"href":"https:\/\/heliodrom.de\/en\/wp-json\/wp\/v2\/media?parent=347"}],"curies":[{"name":"wp","href":"https:\/\/api.w.org\/{rel}","templated":true}]}}