{"id":353,"date":"2016-08-04T21:24:03","date_gmt":"2016-08-04T19:24:03","guid":{"rendered":"http:\/\/heliodrom.de\/?page_id=353"},"modified":"2016-08-07T11:31:42","modified_gmt":"2016-08-07T09:31:42","slug":"martina-schlapbach","status":"publish","type":"page","link":"https:\/\/heliodrom.de\/de\/moegliche-ereignisse\/vergangene-veranstaltungen\/andeer-kulturwochen\/martina-schlapbach\/","title":{"rendered":"Martina Schlapbach: Lesung \u201ezTadschikistan\u201c"},"content":{"rendered":"<p><a href=\"http:\/\/heliodrom.de\/wp-content\/uploads\/2016\/08\/Heliodrom-Schlapbach-Cheese.png\"><img loading=\"lazy\" decoding=\"async\" class=\"alignnone size-medium wp-image-323\" alt=\"Heliodrom-Schlapbach-Cheese\" src=\"http:\/\/heliodrom.de\/wp-content\/uploads\/2016\/08\/Heliodrom-Schlapbach-Cheese-199x300.png\" width=\"199\" height=\"300\" srcset=\"https:\/\/heliodrom.de\/wp-content\/uploads\/2016\/08\/Heliodrom-Schlapbach-Cheese-199x300.png 199w, https:\/\/heliodrom.de\/wp-content\/uploads\/2016\/08\/Heliodrom-Schlapbach-Cheese.png 506w\" sizes=\"(max-width: 199px) 100vw, 199px\" \/><\/a><\/p>\n<p>&nbsp;<\/p>\n<p><em>Sonntag 21. August, 11.30 Uhr<\/em><\/p>\n<p><em>Eintritt: CHF 15.\u2013 \/ 10.\u2013<\/em><\/p>\n<p>Martina Schlapbach, freie Autorin und Projektleiterin von \u201eCheese exchange\u201c, l\u00e4dt zu einer literarischen Reise in die Gebirgswelt Tadschikistans ein und erz\u00e4hlt von der Reise tadschikischer K\u00e4serinnen ins B\u00fcndnerland.<\/p>\n<p><a href=\"http:\/\/heliodrom.de\/wp-content\/uploads\/2016\/08\/Heliodrom-zTadschikistan-1.png\"><img loading=\"lazy\" decoding=\"async\" class=\"alignnone size-medium wp-image-331\" alt=\"Heliodrom-zTadschikistan-1\" src=\"http:\/\/heliodrom.de\/wp-content\/uploads\/2016\/08\/Heliodrom-zTadschikistan-1-300x216.png\" width=\"300\" height=\"216\" srcset=\"https:\/\/heliodrom.de\/wp-content\/uploads\/2016\/08\/Heliodrom-zTadschikistan-1-300x216.png 300w, https:\/\/heliodrom.de\/wp-content\/uploads\/2016\/08\/Heliodrom-zTadschikistan-1.png 1018w\" sizes=\"(max-width: 300px) 100vw, 300px\" \/><\/a><\/p>\n<p>z\u2019Tadschikistan h\u00e4ngt mit ihrem j\u00fcngsten einj\u00e4hrigen Schaffensaufenthalt in Tadschikistan zusammen: Sie engagierte sich von 2015 bis 2016 f\u00fcr die UNO-Frauenorganisation in Dushanbe und schrieb neben ihrem hauptberuflichen Engagement Blog \u00fcber ihren Alltag in der tadschikischen Hauptstadt und Umgebung. Seit M\u00e4rz 2016 ist Martina Schlapbach mit ihren\u00a0Geschichten aus Tadschikistan auf Lesereise\u00a0in der Schweiz\u00a0unterwegs\u00a0und trifft dabei auf ein sehr interessiertes Publikum.<\/p>\n<p><a href=\"http:\/\/heliodrom.de\/wp-content\/uploads\/2016\/08\/Heliodrom-zTadschikistan-3.png\"><img loading=\"lazy\" decoding=\"async\" class=\"alignnone size-medium wp-image-333\" alt=\"Heliodrom-zTadschikistan-3\" src=\"http:\/\/heliodrom.de\/wp-content\/uploads\/2016\/08\/Heliodrom-zTadschikistan-3-300x197.png\" width=\"300\" height=\"197\" srcset=\"https:\/\/heliodrom.de\/wp-content\/uploads\/2016\/08\/Heliodrom-zTadschikistan-3-300x197.png 300w, https:\/\/heliodrom.de\/wp-content\/uploads\/2016\/08\/Heliodrom-zTadschikistan-3-1024x675.png 1024w, https:\/\/heliodrom.de\/wp-content\/uploads\/2016\/08\/Heliodrom-zTadschikistan-3.png 1142w\" sizes=\"(max-width: 300px) 100vw, 300px\" \/><\/a><\/p>\n<p>Der Erl\u00f6s aus der Lesereise kommt \u201eCheese exchange\u201c zu, einem innovativen Projekt zum Wissensaustausch zwischen Schweizer und tadschikischen K\u00e4serinnen. In\u00a0ihren Kommentaren zwischen den gelesenen Texten berichtet Martina Schlapbach dem Publikum jeweils gerne auch \u00fcber dieses Projekt.<\/p>\n<p>Die Geschichten aus Tadschikistan stossen insbesondere in Schweizer Berggebieten auf ein grosses Interesse, wo sich viele Parallelen zu den tadschikischen Landschaften und Lebensweisen aufdecken lassen.<\/p>\n<p>Verk\u00f6stigung durch das Team <a href=\"http:\/\/www.sennerei-andeer.ch\">Sennerei Andeer<ins cite=\"mailto:Len%20Shirts\" datetime=\"2016-07-28T16:52\">.<\/ins><\/a><ins cite=\"mailto:Len%20Shirts\" datetime=\"2016-07-28T17:38\"><\/ins><\/p>\n<p><a href=\"http:\/\/www.zalp.ch\/zalpletter\/wp-content\/uploads\/2015\/10\/Factsheet_UN-Women_Cheese-exchange_Oktober-2015.pdf\">http:\/\/www.zalp.ch\/zalpletter\/wp-content\/uploads\/2015\/10\/Factsheet_UN-Women_Cheese-exchange_Oktober-2015.pdf<\/a><\/p>\n<p><a href=\"http:\/\/www.landfrauen.ch\/fileadmin\/Landfrauen\/Aktuell\/pdf-Dateien\/2016-02-19-Tadschikistan.pdf\">http:\/\/www.landfrauen.ch\/fileadmin\/Landfrauen\/Aktuell\/pdf-Dateien\/2016-02-19-Tadschikistan.pdf<\/a><\/p>\n","protected":false},"excerpt":{"rendered":"<p>&nbsp; Sonntag 21. August, 11.30 Uhr Eintritt: CHF 15.\u2013 \/ 10.\u2013 Martina Schlapbach, freie Autorin und Projektleiterin von \u201eCheese exchange\u201c, l\u00e4dt zu einer literarischen Reise in die Gebirgswelt Tadschikistans ein und erz\u00e4hlt von der Reise tadschikischer K\u00e4serinnen ins B\u00fcndnerland. z\u2019Tadschikistan &hellip; <a href=\"https:\/\/heliodrom.de\/de\/moegliche-ereignisse\/vergangene-veranstaltungen\/andeer-kulturwochen\/martina-schlapbach\/\">Continue reading <span class=\"meta-nav\">&rarr;<\/span><\/a><\/p>\n","protected":false},"author":1,"featured_media":0,"parent":312,"menu_order":5,"comment_status":"closed","ping_status":"closed","template":"","meta":{"footnotes":""},"class_list":["post-353","page","type-page","status-publish","hentry"],"_links":{"self":[{"href":"https:\/\/heliodrom.de\/en\/wp-json\/wp\/v2\/pages\/353"}],"collection":[{"href":"https:\/\/heliodrom.de\/en\/wp-json\/wp\/v2\/pages"}],"about":[{"href":"https:\/\/heliodrom.de\/en\/wp-json\/wp\/v2\/types\/page"}],"author":[{"embeddable":true,"href":"https:\/\/heliodrom.de\/en\/wp-json\/wp\/v2\/users\/1"}],"replies":[{"embeddable":true,"href":"https:\/\/heliodrom.de\/en\/wp-json\/wp\/v2\/comments?post=353"}],"version-history":[{"count":4,"href":"https:\/\/heliodrom.de\/en\/wp-json\/wp\/v2\/pages\/353\/revisions"}],"predecessor-version":[{"id":419,"href":"https:\/\/heliodrom.de\/en\/wp-json\/wp\/v2\/pages\/353\/revisions\/419"}],"up":[{"embeddable":true,"href":"https:\/\/heliodrom.de\/en\/wp-json\/wp\/v2\/pages\/312"}],"wp:attachment":[{"href":"https:\/\/heliodrom.de\/en\/wp-json\/wp\/v2\/media?parent=353"}],"curies":[{"name":"wp","href":"https:\/\/api.w.org\/{rel}","templated":true}]}}