{"id":370,"date":"2016-08-04T22:27:42","date_gmt":"2016-08-04T20:27:42","guid":{"rendered":"http:\/\/heliodrom.de\/?page_id=370"},"modified":"2016-08-04T22:28:19","modified_gmt":"2016-08-04T20:28:19","slug":"jakobsweg","status":"publish","type":"page","link":"https:\/\/heliodrom.de\/de\/moegliche-ereignisse\/vergangene-veranstaltungen\/andeer-kulturwochen\/jakobsweg\/","title":{"rendered":"\u00abR\u00fcckw\u00e4rts \u00fcber den Jakobsweg\u00bb"},"content":{"rendered":"<p><a href=\"http:\/\/www.jonsch.net\/projekte\/ruckwarts-uber-den-jakobsweg\/\"><img loading=\"lazy\" decoding=\"async\" class=\"alignnone size-medium wp-image-324\" alt=\"Heliodrom-Schuette-Jakobsweg\" src=\"http:\/\/heliodrom.de\/wp-content\/uploads\/2016\/08\/Heliodrom-Schuette-Jakobsweg-224x300.png\" width=\"224\" height=\"300\" srcset=\"https:\/\/heliodrom.de\/wp-content\/uploads\/2016\/08\/Heliodrom-Schuette-Jakobsweg-224x300.png 224w, https:\/\/heliodrom.de\/wp-content\/uploads\/2016\/08\/Heliodrom-Schuette-Jakobsweg.png 568w\" sizes=\"(max-width: 224px) 100vw, 224px\" \/><\/a><\/p>\n<p><em>Lesung von Jonas Sch\u00fctte<\/em><\/p>\n<p><em>Mittwoch 24. August, 19.30 Uhr.\u00a0Eintritt: CHF 15.\u2013 \/ 10.\u2013<\/em><\/p>\n<p>Es gibt Dinge, die muss man mit sich ausmachen. Andere nicht.<br \/>\nAn manchen Dingen kann man etwas \u00e4ndern. An anderen nicht.<br \/>\nEine Frau die auch Mutter ist stirbt fr\u00fch. Ein junger Mann der auch Sohn ist, sucht nach einem Umgang. Also geht er.<\/p>\n<p>Ein Buch von Jonas Sch\u00fctte.<\/p>\n<p><a title=\"Jakobsweg\" href=\"http:\/\/www.jonsch.net\/projekte\/ruckwarts-uber-den-jakobsweg\/\">http:\/\/www.jonsch.net\/projekte\/ruckwarts-uber-den-jakobsweg\/<\/a><\/p>\n","protected":false},"excerpt":{"rendered":"<p>Lesung von Jonas Sch\u00fctte Mittwoch 24. August, 19.30 Uhr.\u00a0Eintritt: CHF 15.\u2013 \/ 10.\u2013 Es gibt Dinge, die muss man mit sich ausmachen. Andere nicht. An manchen Dingen kann man etwas \u00e4ndern. An anderen nicht. Eine Frau die auch Mutter ist &hellip; <a href=\"https:\/\/heliodrom.de\/de\/moegliche-ereignisse\/vergangene-veranstaltungen\/andeer-kulturwochen\/jakobsweg\/\">Continue reading <span class=\"meta-nav\">&rarr;<\/span><\/a><\/p>\n","protected":false},"author":1,"featured_media":0,"parent":312,"menu_order":8,"comment_status":"closed","ping_status":"closed","template":"","meta":{"footnotes":""},"class_list":["post-370","page","type-page","status-publish","hentry"],"_links":{"self":[{"href":"https:\/\/heliodrom.de\/en\/wp-json\/wp\/v2\/pages\/370"}],"collection":[{"href":"https:\/\/heliodrom.de\/en\/wp-json\/wp\/v2\/pages"}],"about":[{"href":"https:\/\/heliodrom.de\/en\/wp-json\/wp\/v2\/types\/page"}],"author":[{"embeddable":true,"href":"https:\/\/heliodrom.de\/en\/wp-json\/wp\/v2\/users\/1"}],"replies":[{"embeddable":true,"href":"https:\/\/heliodrom.de\/en\/wp-json\/wp\/v2\/comments?post=370"}],"version-history":[{"count":1,"href":"https:\/\/heliodrom.de\/en\/wp-json\/wp\/v2\/pages\/370\/revisions"}],"predecessor-version":[{"id":371,"href":"https:\/\/heliodrom.de\/en\/wp-json\/wp\/v2\/pages\/370\/revisions\/371"}],"up":[{"embeddable":true,"href":"https:\/\/heliodrom.de\/en\/wp-json\/wp\/v2\/pages\/312"}],"wp:attachment":[{"href":"https:\/\/heliodrom.de\/en\/wp-json\/wp\/v2\/media?parent=370"}],"curies":[{"name":"wp","href":"https:\/\/api.w.org\/{rel}","templated":true}]}}