{"id":46,"date":"2014-04-24T21:17:25","date_gmt":"2014-04-24T19:17:25","guid":{"rendered":"http:\/\/heliodrom.de\/?page_id=46"},"modified":"2016-08-05T11:56:33","modified_gmt":"2016-08-05T09:56:33","slug":"kalender","status":"publish","type":"page","link":"https:\/\/heliodrom.de\/de\/kalender\/","title":{"rendered":"Kalender"},"content":{"rendered":"<address><b>Heliodrom Kulturwochen<\/b><\/address>\n<address><b>11. bis 28. August 2016<\/b><\/address>\n<address>Donnerstag 11.08. um 18.00 Uhr<\/address>\n<address><b>\u00a0 \u00a0 \u00a0 \u00a0 \u00a0 Das Zelt \u00f6ffnet die T\u00fcren<\/b><\/address>\n<address><i><b>\u00a0 \u00a0 \u00a0 \u00a0 \u00a0<\/b>Eintritt frei<\/i><\/address>\n<address>Freitag 12.08. um 19.30 Uhr<\/address>\n<address><b><b>\u00a0 \u00a0 \u00a0 \u00a0 \u00a0<\/b><a title=\"Corin Curschellas\" href=\"http:\/\/heliodrom.de\/de\/andeer-kulturwochen\/corin-curschellas\/\">Konzert Corin Curschellas \u201eLa Triada\u201d<\/a><\/b><\/address>\n<address><i><b>\u00a0 \u00a0 \u00a0 \u00a0 \u00a0<\/b>Eintritt: CHF 25.- \/ 15.-<\/i><\/address>\n<address>Samstag 13.08. um 15.00 Uhr<\/address>\n<address><b><b>\u00a0 \u00a0 \u00a0 <a title=\"Der Nichtsnutz\" href=\"http:\/\/heliodrom.de\/de\/andeer-kulturwochen\/nichtsnutz\/\">\u00a0 \u00a0<\/a><\/b><a title=\"Der Nichtsnutz\" href=\"http:\/\/heliodrom.de\/de\/andeer-kulturwochen\/nichtsnutz\/\">Theater R.A.B. \u201eDer Nichtsnutz\u201d<\/a><\/b><\/address>\n<address><i><b>\u00a0 \u00a0 \u00a0 \u00a0 \u00a0<\/b>Theater f\u00fcr Kinder und Erwachsene<\/i><\/address>\n<address><i><b>\u00a0 \u00a0 \u00a0 \u00a0 \u00a0<\/b>Eintritt: CHF 10.-<\/i><\/address>\n<address><b>\u00a0 \u00a0 \u00a0 \u00a0 \u00a0<\/b>und um 19.30 Uhr<\/address>\n<address><b><b>\u00a0 \u00a0 \u00a0 \u00a0 <a href=\"http:\/\/heliodrom.de\/de\/andeer-kulturwochen\/romeo-vs-julia\/\">\u00a0<\/a><\/b><a href=\"http:\/\/heliodrom.de\/de\/andeer-kulturwochen\/romeo-vs-julia\/\">\u201eRomeo vs. Julia: Liebe zum Ableben\u201c<\/a><\/b><\/address>\n<address><i><b>\u00a0 \u00a0 \u00a0 \u00a0 \u00a0<\/b>Soloprogramm mit Jonas Sch\u00fctte<\/i><\/address>\n<address><i><b>\u00a0 \u00a0 \u00a0 \u00a0 \u00a0<\/b>Eintritt: CHF 25.- \/ 15.-<\/i><\/address>\n<address>Sonntag 14.08. um 15.00 Uhr<\/address>\n<address><b><b>\u00a0 \u00a0 \u00a0 \u00a0 \u00a0<\/b>\u201eDer Nichtsnutz\u201d<\/b><\/address>\n<address><b>\u00a0 \u00a0 \u00a0 \u00a0 \u00a0<\/b>und um 19.30 Uhr<\/address>\n<address><b><b>\u00a0 \u00a0 \u00a0 \u00a0 <a href=\"http:\/\/heliodrom.de\/de\/andeer-kulturwochen\/romeo-vs-julia\/\">\u00a0<\/a><\/b><a href=\"http:\/\/heliodrom.de\/de\/andeer-kulturwochen\/romeo-vs-julia\/\">\u201eRomeo vs. Julia: Liebe zum Ableben\u201c<\/a><\/b><\/address>\n<address>Montag 15.08. um 9.30 bis 12.30 Uhr<\/address>\n<address><b><b>\u00a0 \u00a0 \u00a0 \u00a0 \u00a0<\/b>Workshop: Maskenspiel leicht gemacht<\/b><\/address>\n<address><i><b>\u00a0 \u00a0 \u00a0 \u00a0 \u00a0<\/b>Teilnahme limitiert. 3 Tage: CHF 40.- \/ 1 Tag: 15.-<\/i><\/address>\n<address>Dienstag 16.08. von 11 bis 15 Uhr<\/address>\n<address><b><b>\u00a0 \u00a0 \u00a0 \u00a0 \u00a0<\/b>Workshop: Maskenspiel leicht gemacht<\/b><\/address>\n<address><b>\u00a0 \u00a0 \u00a0 \u00a0 \u00a0<\/b>und um 19.30 Uhr<\/address>\n<address><b><b>\u00a0 \u00a0 \u00a0 \u00a0 \u00a0<\/b><a href=\"http:\/\/heliodrom.de\/de\/andeer-kulturwochen\/shane-brady-mit-michel-estermann\/\">Konzert: Shane Brady mit Michel Estermann<\/a><\/b><\/address>\n<address><i><b>\u00a0 \u00a0 \u00a0 \u00a0 \u00a0<\/b>Eintritt: CHF 25.- \/ 15.-<\/i><\/address>\n<address>Mittwoch 17.08. von 11 bis 15 Uhr<\/address>\n<address><b><b>\u00a0 \u00a0 \u00a0 \u00a0 \u00a0<\/b>Workshop: Maskenspiel leicht gemacht<\/b><\/address>\n<address><b>\u00a0 \u00a0 \u00a0 \u00a0 \u00a0<\/b>und um 19.30 Uhr<\/address>\n<address><b><b>\u00a0 \u00a0 \u00a0 \u00a0 \u00a0<\/b><a href=\"http:\/\/heliodrom.de\/de\/andeer-kulturwochen\/reto-haenny\/\">Lesung\u00a0Reno\u00a0H\u00e4ng\u00a0liest aus \u201eFlug\u201c und aus neuen Texten<\/a><\/b><\/address>\n<address><i><b>\u00a0 \u00a0 \u00a0 \u00a0 \u00a0<\/b>Eintritt: CHF 15.- \/ 10.-<\/i><\/address>\n<address>Donnerstag 18.08. um 19.30 Uhr<\/address>\n<address><b><b>\u00a0 \u00a0 \u00a0 \u00a0 <a href=\"http:\/\/heliodrom.de\/de\/andeer-kulturwochen\/80-tagen\/\">\u00a0<\/a><\/b><a href=\"http:\/\/heliodrom.de\/de\/andeer-kulturwochen\/80-tagen\/\">Theater R.A.B.: \u201eUm die Welt in 80 Tagen\u201c<\/a><\/b><\/address>\n<address><i><b>\u00a0 \u00a0 \u00a0 \u00a0 \u00a0<\/b>Eintritt: CHF 25.- \/ 15.-<\/i><\/address>\n<address>Freitag 19.08. um 19.30 Uhr<\/address>\n<address><b><b>\u00a0 \u00a0 \u00a0 \u00a0 \u00a0<\/b><a href=\"http:\/\/heliodrom.de\/de\/andeer-kulturwochen\/80-tagen\/\">\u201cUm die Welt in 80 Tagen\u201d<\/a><\/b><\/address>\n<address>Samstag 20.08. um 11.00 Uhr<\/address>\n<address><b><b>\u00a0 \u00a0 \u00a0 \u00a0 \u00a0<\/b>Theater R.A.B. Erz\u00e4hlung f\u00fcr Kinder<\/b><\/address>\n<address><i><b>\u00a0 \u00a0 \u00a0 \u00a0 \u00a0<\/b>Eintritt: CHF 10.-<\/i><\/address>\n<address><i><b>\u00a0 \u00a0 \u00a0 \u00a0 \u00a0<\/b><\/i>und um 19.30 Uhr<\/address>\n<address><b><b>\u00a0 \u00a0 \u00a0 \u00a0 <a href=\"http:\/\/heliodrom.de\/de\/andeer-kulturwochen\/80-tagen\/\">\u00a0<\/a><\/b><a href=\"http:\/\/heliodrom.de\/de\/andeer-kulturwochen\/80-tagen\/\">\u201eUm die Welt in 80 Tagen\u201d<\/a><\/b><\/address>\n<address>Sonntag 21.08. um 11.30 Uhr<\/address>\n<address><b><b>\u00a0 \u00a0 \u00a0 \u00a0 \u00a0<\/b><a href=\"http:\/\/heliodrom.de\/de\/andeer-kulturwochen\/martina-schlapbach\/\">Lesung: \u201ez\u2018Tadschikistan\u201c<\/a><\/b><\/address>\n<address><i><b>\u00a0 \u00a0 \u00a0 \u00a0 \u00a0<\/b>Lesung von Martina Schlapbach<\/i><\/address>\n<address><i><b>\u00a0 \u00a0 \u00a0 \u00a0 \u00a0<\/b>Verk\u00f6stigung durch das Team Sennerei Andeer<\/i><\/address>\n<address><i><b>\u00a0 \u00a0 \u00a0 \u00a0 \u00a0<\/b>Eintritt: CHF 15.- \/ 10.-<\/i><\/address>\n<address><i><b>\u00a0 \u00a0 \u00a0 \u00a0 \u00a0<\/b><\/i>und um 19.30 Uhr<\/address>\n<address><b><b>\u00a0 \u00a0 \u00a0 \u00a0 <a href=\"http:\/\/heliodrom.de\/de\/andeer-kulturwochen\/martina-schlapbach\/\">Viamala\u00a0H\u00e4xen \u00a0<\/a><\/b><a href=\"http:\/\/heliodrom.de\/de\/andeer-kulturwochen\/martina-schlapbach\/\">\u201eSontga Margriatha Saga\u201d<\/a><\/b><\/address>\n<address><i><b>\u00a0 \u00a0 \u00a0 \u00a0 \u00a0<\/b>Erz\u00e4hlung f\u00fcr Erwachsene<\/i><\/address>\n<address><i><b>\u00a0 \u00a0 \u00a0 \u00a0 \u00a0<\/b>Eintritt: CHF 15.- \/ 10.-<\/i><\/address>\n<address>Dienstag 23.08. um 20.00 Uhr<\/address>\n<address><b><b>\u00a0 \u00a0 \u00a0 \u00a0 <a href=\"http:\/\/heliodrom.de\/de\/andeer-kulturwochen\/improvisationstheater-lamuns\/\">\u00a0<\/a><\/b><a href=\"http:\/\/heliodrom.de\/de\/andeer-kulturwochen\/improvisationstheater-lamuns\/\">Improvisationstheater \u201eLamuns\u201d<\/a><\/b><\/address>\n<address><i><b>\u00a0 \u00a0 \u00a0 \u00a0 \u00a0<\/b>Eintritt: CHF 15.- \/ 10.-<\/i><\/address>\n<address>Mittwoch 24.08. um 19.30 Uhr<\/address>\n<address><b><b>\u00a0 \u00a0 \u00a0 \u00a0 \u00a0<\/b><a href=\"http:\/\/heliodrom.de\/de\/andeer-kulturwochen\/jakobsweg\/\">\u201eR\u00fcckw\u00e4rts \u00fcber den Jakobsweg\u201d <\/a><\/b><\/address>\n<address><i><b>\u00a0 \u00a0 \u00a0 \u00a0 \u00a0<\/b>Lesung von Jonas Sch\u00fctte<\/i><\/address>\n<address><i><b>\u00a0 \u00a0 \u00a0 \u00a0 \u00a0<\/b>Eintritt: CHF 15.- \/ 10.-<\/i><\/address>\n<address>Donnerstag 25.08. um 19.30 Uhr<\/address>\n<address><b><b>\u00a0 \u00a0 \u00a0 \u00a0 \u00a0<\/b><a href=\"http:\/\/heliodrom.de\/de\/andeer-kulturwochen\/jakobsweg\/\">Naturpark Beverin Gespr\u00e4chsrunde: \u201eFliegen!\u201c<\/a><\/b><\/address>\n<address><i><b>\u00a0 \u00a0 \u00a0 \u00a0 \u00a0<\/b>Eintritt frei, Kollekte<\/i><\/address>\n<address>Freitag 26.08. um 19.30 Uhr<\/address>\n<address><b><b>\u00a0 \u00a0 \u00a0 \u00a0 \u00a0<\/b>Auff\u00fchrung \u201eZukunftsvisionen\u201d<\/b><\/address>\n<address><i><b>\u00a0 \u00a0 \u00a0 \u00a0 \u00a0<\/b>Ergebnis einer Intensivwoche mit Sch\u00fclerInnen der Oberstufe Zillis \/ Schulverband Schams<\/i><\/address>\n<address>Samstag\u00a0 27.08. ab 10 Uhr<\/address>\n<address><b><b>\u00a0 \u00a0 \u00a0 \u00a0 \u00a0<\/b>Ausstellung<\/b><\/address>\n<address><i><b>\u00a0 \u00a0 \u00a0 \u00a0 \u00a0<\/b>Eintritt frei<\/i><\/address>\n<address>Sonntag 28.08. ab 10 Uhr<\/address>\n<address><b><b>\u00a0 \u00a0 \u00a0 \u00a0 \u00a0<\/b>Die Viamala H\u00e4x und Gunda erz\u00e4hlen f\u00fcr Kinder<\/b><\/address>\n","protected":false},"excerpt":{"rendered":"<p>Heliodrom Kulturwochen 11. bis 28. August 2016 Donnerstag 11.08. um 18.00 Uhr \u00a0 \u00a0 \u00a0 \u00a0 \u00a0 Das Zelt \u00f6ffnet die T\u00fcren \u00a0 \u00a0 \u00a0 \u00a0 \u00a0Eintritt frei Freitag 12.08. um 19.30 Uhr \u00a0 \u00a0 \u00a0 \u00a0 \u00a0Konzert Corin Curschellas &hellip; <a href=\"https:\/\/heliodrom.de\/de\/kalender\/\">Continue reading <span class=\"meta-nav\">&rarr;<\/span><\/a><\/p>\n","protected":false},"author":1,"featured_media":0,"parent":0,"menu_order":5,"comment_status":"closed","ping_status":"closed","template":"","meta":{"footnotes":""},"class_list":["post-46","page","type-page","status-publish","hentry"],"_links":{"self":[{"href":"https:\/\/heliodrom.de\/en\/wp-json\/wp\/v2\/pages\/46"}],"collection":[{"href":"https:\/\/heliodrom.de\/en\/wp-json\/wp\/v2\/pages"}],"about":[{"href":"https:\/\/heliodrom.de\/en\/wp-json\/wp\/v2\/types\/page"}],"author":[{"embeddable":true,"href":"https:\/\/heliodrom.de\/en\/wp-json\/wp\/v2\/users\/1"}],"replies":[{"embeddable":true,"href":"https:\/\/heliodrom.de\/en\/wp-json\/wp\/v2\/comments?post=46"}],"version-history":[{"count":8,"href":"https:\/\/heliodrom.de\/en\/wp-json\/wp\/v2\/pages\/46\/revisions"}],"predecessor-version":[{"id":403,"href":"https:\/\/heliodrom.de\/en\/wp-json\/wp\/v2\/pages\/46\/revisions\/403"}],"wp:attachment":[{"href":"https:\/\/heliodrom.de\/en\/wp-json\/wp\/v2\/media?parent=46"}],"curies":[{"name":"wp","href":"https:\/\/api.w.org\/{rel}","templated":true}]}}